{"id":1193,"date":"2025-04-17T16:50:41","date_gmt":"2025-04-17T14:50:41","guid":{"rendered":"http:\/\/wh.de.www302.your-server.de\/?page_id=1193"},"modified":"2025-07-08T16:31:11","modified_gmt":"2025-07-08T14:31:11","slug":"low-voltage-switchgear","status":"publish","type":"page","link":"https:\/\/wh.de\/en\/produkte\/niederspannungs-schaltanlagen\/","title":{"rendered":"Low-voltage switchgear"},"content":{"rendered":"<div data-elementor-type=\"wp-page\" data-elementor-id=\"1193\" class=\"elementor elementor-1193\" data-elementor-post-type=\"page\">\n\t\t\t\t<div class=\"elementor-element elementor-element-741fb9f e-flex e-con-boxed e-con e-parent\" data-id=\"741fb9f\" data-element_type=\"container\" data-e-type=\"container\" data-settings=\"{&quot;_ha_eqh_enable&quot;:false}\">\n\t\t\t\t\t<div class=\"e-con-inner\">\n\t\t\t\t<div class=\"elementor-element elementor-element-4520f60 elementor-widget elementor-widget-spacer\" data-id=\"4520f60\" data-element_type=\"widget\" data-e-type=\"widget\" data-widget_type=\"spacer.default\">\n\t\t\t\t<div class=\"elementor-widget-container\">\n\t\t\t\t\t\t\t<div class=\"elementor-spacer\">\n\t\t\t<div class=\"elementor-spacer-inner\"><\/div>\n\t\t<\/div>\n\t\t\t\t\t\t<\/div>\n\t\t\t\t<\/div>\n\t\t\t\t\t<\/div>\n\t\t\t\t<\/div>\n\t\t<div class=\"elementor-element elementor-element-1c77026 e-flex e-con-boxed e-con e-parent\" data-id=\"1c77026\" data-element_type=\"container\" data-e-type=\"container\" data-settings=\"{&quot;_ha_eqh_enable&quot;:false}\">\n\t\t\t\t\t<div class=\"e-con-inner\">\n\t\t\t\t<div class=\"elementor-element elementor-element-3e55ef2a elementor-widget elementor-widget-heading\" data-id=\"3e55ef2a\" data-element_type=\"widget\" data-e-type=\"widget\" data-widget_type=\"heading.default\">\n\t\t\t\t<div class=\"elementor-widget-container\">\n\t\t\t\t\t<h1 class=\"elementor-heading-title elementor-size-default\">Low-voltage switchgear<\/h1>\t\t\t\t<\/div>\n\t\t\t\t<\/div>\n\t\t\t\t\t<\/div>\n\t\t\t\t<\/div>\n\t\t<div class=\"elementor-element elementor-element-dd63427 e-flex e-con-boxed e-con e-parent\" data-id=\"dd63427\" data-element_type=\"container\" data-e-type=\"container\" data-settings=\"{&quot;_ha_eqh_enable&quot;:false}\">\n\t\t\t\t\t<div class=\"e-con-inner\">\n\t\t\t\t<div class=\"elementor-element elementor-element-f1dbf56 elementor-widget elementor-widget-image\" data-id=\"f1dbf56\" data-element_type=\"widget\" data-e-type=\"widget\" data-widget_type=\"image.default\">\n\t\t\t\t<div class=\"elementor-widget-container\">\n\t\t\t\t\t\t\t\t\t\t\t\t\t\t\t<img loading=\"lazy\" decoding=\"async\" width=\"1139\" height=\"430\" src=\"https:\/\/wh.de\/wp-content\/uploads\/2025\/04\/niederspannungs-schaltanlagen-slider1.jpg\" class=\"attachment-full size-full wp-image-1070\" alt=\"Low-voltage switchgear\" srcset=\"https:\/\/wh.de\/wp-content\/uploads\/2025\/04\/niederspannungs-schaltanlagen-slider1.jpg 1139w, https:\/\/wh.de\/wp-content\/uploads\/2025\/04\/niederspannungs-schaltanlagen-slider1-300x113.jpg 300w, https:\/\/wh.de\/wp-content\/uploads\/2025\/04\/niederspannungs-schaltanlagen-slider1-1024x387.jpg 1024w, https:\/\/wh.de\/wp-content\/uploads\/2025\/04\/niederspannungs-schaltanlagen-slider1-768x290.jpg 768w, https:\/\/wh.de\/wp-content\/uploads\/2025\/04\/niederspannungs-schaltanlagen-slider1-18x7.jpg 18w\" sizes=\"auto, (max-width: 1139px) 100vw, 1139px\" \/>\t\t\t\t\t\t\t\t\t\t\t\t\t\t\t<\/div>\n\t\t\t\t<\/div>\n\t\t\t\t\t<\/div>\n\t\t\t\t<\/div>\n\t\t<div class=\"elementor-element elementor-element-ae51756 e-flex e-con-boxed e-con e-parent\" data-id=\"ae51756\" data-element_type=\"container\" data-e-type=\"container\" data-settings=\"{&quot;_ha_eqh_enable&quot;:false}\">\n\t\t\t\t\t<div class=\"e-con-inner\">\n\t\t\t\t<div class=\"elementor-element elementor-element-26104df elementor-widget elementor-widget-text-editor\" data-id=\"26104df\" data-element_type=\"widget\" data-e-type=\"widget\" data-widget_type=\"text-editor.default\">\n\t\t\t\t<div class=\"elementor-widget-container\">\n\t\t\t\t\t\t\t\t\t<p>Our low-voltage switchgear is configured and manufactured by us according to your requirements and installed on your premises as required. They offer safety and reliability for currents up to 4000A.<br \/>The design and manufacture of the systems is carried out in accordance with the applicable standard: DIN EN 61439.<\/p>\t\t\t\t\t\t\t\t<\/div>\n\t\t\t\t<\/div>\n\t\t\t\t\t<\/div>\n\t\t\t\t<\/div>\n\t\t<div class=\"elementor-element elementor-element-007b499 e-flex e-con-boxed e-con e-parent\" data-id=\"007b499\" data-element_type=\"container\" data-e-type=\"container\" data-settings=\"{&quot;_ha_eqh_enable&quot;:false}\">\n\t\t\t\t\t<div class=\"e-con-inner\">\n\t\t<div class=\"elementor-element elementor-element-3a2bd30 e-con-full e-flex e-con e-child\" data-id=\"3a2bd30\" data-element_type=\"container\" data-e-type=\"container\" data-settings=\"{&quot;_ha_eqh_enable&quot;:false}\">\n\t\t\t\t<div class=\"elementor-element elementor-element-df0e710 elementor-widget elementor-widget-text-editor\" data-id=\"df0e710\" data-element_type=\"widget\" data-e-type=\"widget\" data-widget_type=\"text-editor.default\">\n\t\t\t\t<div class=\"elementor-widget-container\">\n\t\t\t\t\t\t\t\t\t<p>The following areas of application are possible:<\/p><ul><li>Power supply companies<\/li><li>Residential and commercial buildings<\/li><li>Telecommunications and information technology<\/li><li>Railway systems<\/li><li>Chemical industry, sewage treatment plants<\/li><li>Hospitals<\/li><li>Distribution for power and transformer stations<\/li><li>In industry<\/li><\/ul>\t\t\t\t\t\t\t\t<\/div>\n\t\t\t\t<\/div>\n\t\t\t\t<\/div>\n\t\t\t\t\t<\/div>\n\t\t\t\t<\/div>\n\t\t<div class=\"elementor-element elementor-element-bf0f87a e-flex e-con-boxed e-con e-parent\" data-id=\"bf0f87a\" data-element_type=\"container\" data-e-type=\"container\" data-settings=\"{&quot;_ha_eqh_enable&quot;:false}\">\n\t\t\t\t\t<div class=\"e-con-inner\">\n\t\t<div class=\"elementor-element elementor-element-fc5c78a e-con-full e-flex e-con e-child\" data-id=\"fc5c78a\" data-element_type=\"container\" data-e-type=\"container\" data-settings=\"{&quot;_ha_eqh_enable&quot;:false}\">\n\t\t\t\t<div class=\"elementor-element elementor-element-cdda733 elementor-align-center elementor-widget elementor-widget-button\" data-id=\"cdda733\" data-element_type=\"widget\" data-e-type=\"widget\" data-widget_type=\"button.default\">\n\t\t\t\t<div class=\"elementor-widget-container\">\n\t\t\t\t\t\t\t\t\t<div class=\"elementor-button-wrapper\">\n\t\t\t\t\t<a class=\"elementor-button elementor-button-link elementor-size-sm\" href=\"https:\/\/wh.de\/en\/produkte\/gleichrichtermodule\/\">\n\t\t\t\t\t\t<span class=\"elementor-button-content-wrapper\">\n\t\t\t\t\t\t<span class=\"elementor-button-icon\">\n\t\t\t\t<svg aria-hidden=\"true\" class=\"e-font-icon-svg e-far-arrow-alt-circle-left\" viewbox=\"0 0 512 512\" xmlns=\"http:\/\/www.w3.org\/2000\/svg\"><path d=\"M8 256c0 137 111 248 248 248s248-111 248-248S393 8 256 8 8 119 8 256zm448 0c0 110.5-89.5 200-200 200S56 366.5 56 256 145.5 56 256 56s200 89.5 200 200zm-72-20v40c0 6.6-5.4 12-12 12H256v67c0 10.7-12.9 16-20.5 8.5l-99-99c-4.7-4.7-4.7-12.3 0-17l99-99c7.6-7.6 20.5-2.2 20.5 8.5v67h116c6.6 0 12 5.4 12 12z\"><\/path><\/svg>\t\t\t<\/span>\n\t\t\t\t\t\t\t\t\t<span class=\"elementor-button-text\">Rectifier modules<\/span>\n\t\t\t\t\t<\/span>\n\t\t\t\t\t<\/a>\n\t\t\t\t<\/div>\n\t\t\t\t\t\t\t\t<\/div>\n\t\t\t\t<\/div>\n\t\t\t\t<\/div>\n\t\t<div class=\"elementor-element elementor-element-6799a04 e-con-full e-flex e-con e-child\" data-id=\"6799a04\" data-element_type=\"container\" data-e-type=\"container\" data-settings=\"{&quot;_ha_eqh_enable&quot;:false}\">\n\t\t\t\t<div class=\"elementor-element elementor-element-c3f339a elementor-align-center elementor-widget elementor-widget-button\" data-id=\"c3f339a\" data-element_type=\"widget\" data-e-type=\"widget\" data-widget_type=\"button.default\">\n\t\t\t\t<div class=\"elementor-widget-container\">\n\t\t\t\t\t\t\t\t\t<div class=\"elementor-button-wrapper\">\n\t\t\t\t\t<a class=\"elementor-button elementor-button-link elementor-size-sm\" href=\"https:\/\/wh.de\/en\/produkte\/usv-anlagen\/\">\n\t\t\t\t\t\t<span class=\"elementor-button-content-wrapper\">\n\t\t\t\t\t\t<span class=\"elementor-button-icon\">\n\t\t\t\t<svg aria-hidden=\"true\" class=\"e-font-icon-svg e-far-arrow-alt-circle-right\" viewbox=\"0 0 512 512\" xmlns=\"http:\/\/www.w3.org\/2000\/svg\"><path d=\"M504 256C504 119 393 8 256 8S8 119 8 256s111 248 248 248 248-111 248-248zm-448 0c0-110.5 89.5-200 200-200s200 89.5 200 200-89.5 200-200 200S56 366.5 56 256zm72 20v-40c0-6.6 5.4-12 12-12h116v-67c0-10.7 12.9-16 20.5-8.5l99 99c4.7 4.7 4.7 12.3 0 17l-99 99c-7.6 7.6-20.5 2.2-20.5-8.5v-67H140c-6.6 0-12-5.4-12-12z\"><\/path><\/svg>\t\t\t<\/span>\n\t\t\t\t\t\t\t\t\t<span class=\"elementor-button-text\">UPS-Systems<\/span>\n\t\t\t\t\t<\/span>\n\t\t\t\t\t<\/a>\n\t\t\t\t<\/div>\n\t\t\t\t\t\t\t\t<\/div>\n\t\t\t\t<\/div>\n\t\t\t\t<\/div>\n\t\t\t\t\t<\/div>\n\t\t\t\t<\/div>\n\t\t<div class=\"elementor-element elementor-element-ff4e361 e-flex e-con-boxed e-con e-parent\" data-id=\"ff4e361\" data-element_type=\"container\" data-e-type=\"container\" data-settings=\"{&quot;_ha_eqh_enable&quot;:false}\">\n\t\t\t\t\t<div class=\"e-con-inner\">\n\t\t\t\t<div class=\"elementor-element elementor-element-70dda83 elementor-widget elementor-widget-spacer\" data-id=\"70dda83\" data-element_type=\"widget\" data-e-type=\"widget\" data-widget_type=\"spacer.default\">\n\t\t\t\t<div class=\"elementor-widget-container\">\n\t\t\t\t\t\t\t<div class=\"elementor-spacer\">\n\t\t\t<div class=\"elementor-spacer-inner\"><\/div>\n\t\t<\/div>\n\t\t\t\t\t\t<\/div>\n\t\t\t\t<\/div>\n\t\t\t\t\t<\/div>\n\t\t\t\t<\/div>\n\t\t\t\t<\/div>","protected":false},"excerpt":{"rendered":"<p>Niederspannungs-Schaltanlagen Unsere Niederspannungs-Schaltanlagen werden nach Ihren Anforderungen bei uns konfiguriert, gefertigt und nach Wunsch bei Ihnen montiert. Sie bieten Sicherheit und Zuverl\u00e4ssigkeit bei Str\u00f6men bis 4000A.Die Planung und Fertigung der Anlagen erfolgt nach der geltenden Norm: DIN EN 61439. Folgende Einsatzgebiete sind u.a. m\u00f6glich: Energieversorgungsunternehmen Wohn\u2013 und Gesch\u00e4ftsgeb\u00e4ude Telekommunikation und Informationstechnik Bahnanlagen Chemieindustrie, Kl\u00e4ranlagen Krankenh\u00e4user [&hellip;]<\/p>\n","protected":false},"author":1,"featured_media":0,"parent":993,"menu_order":0,"comment_status":"closed","ping_status":"closed","template":"","meta":{"footnotes":""},"class_list":["post-1193","page","type-page","status-publish","hentry"],"yoast_head":"<!-- This site is optimized with the Yoast SEO plugin v27.4 - https:\/\/yoast.com\/product\/yoast-seo-wordpress\/ -->\n<title>Niederspannungs-Schaltanlagen - Westhaus Energietechnik GmbH<\/title>\n<meta name=\"description\" content=\"Sichere, zuverl\u00e4ssige und leistungsstarke Niederspannungs-Schaltanlagen \u00fcbernehmen die Leistungsverteilung und Steuerungsaufgaben in vielen Bereichen.\" \/>\n<meta name=\"robots\" content=\"index, follow, max-snippet:-1, max-image-preview:large, max-video-preview:-1\" \/>\n<link rel=\"canonical\" href=\"https:\/\/wh.de\/en\/products\/low-voltage-switchgear\/\" \/>\n<script type=\"application\/ld+json\" class=\"yoast-schema-graph\">{\"@context\":\"https:\\\/\\\/schema.org\",\"@graph\":[{\"@type\":\"WebPage\",\"@id\":\"https:\\\/\\\/wh.de\\\/produkte\\\/niederspannungs-schaltanlagen\\\/\",\"url\":\"https:\\\/\\\/wh.de\\\/produkte\\\/niederspannungs-schaltanlagen\\\/\",\"name\":\"Niederspannungs-Schaltanlagen - Westhaus Energietechnik GmbH\",\"isPartOf\":{\"@id\":\"https:\\\/\\\/wh.de\\\/#website\"},\"primaryImageOfPage\":{\"@id\":\"https:\\\/\\\/wh.de\\\/produkte\\\/niederspannungs-schaltanlagen\\\/#primaryimage\"},\"image\":{\"@id\":\"https:\\\/\\\/wh.de\\\/produkte\\\/niederspannungs-schaltanlagen\\\/#primaryimage\"},\"thumbnailUrl\":\"https:\\\/\\\/neu.wh.de\\\/wp-content\\\/uploads\\\/2025\\\/04\\\/niederspannungs-schaltanlagen-slider1.jpg\",\"datePublished\":\"2025-04-17T14:50:41+00:00\",\"dateModified\":\"2025-07-08T14:31:11+00:00\",\"description\":\"Sichere, zuverl\u00e4ssige und leistungsstarke Niederspannungs-Schaltanlagen \u00fcbernehmen die Leistungsverteilung und Steuerungsaufgaben in vielen Bereichen.\",\"breadcrumb\":{\"@id\":\"https:\\\/\\\/wh.de\\\/produkte\\\/niederspannungs-schaltanlagen\\\/#breadcrumb\"},\"inLanguage\":\"en-GB\",\"potentialAction\":[{\"@type\":\"ReadAction\",\"target\":[\"https:\\\/\\\/wh.de\\\/produkte\\\/niederspannungs-schaltanlagen\\\/\"]}]},{\"@type\":\"ImageObject\",\"inLanguage\":\"en-GB\",\"@id\":\"https:\\\/\\\/wh.de\\\/produkte\\\/niederspannungs-schaltanlagen\\\/#primaryimage\",\"url\":\"https:\\\/\\\/neu.wh.de\\\/wp-content\\\/uploads\\\/2025\\\/04\\\/niederspannungs-schaltanlagen-slider1.jpg\",\"contentUrl\":\"https:\\\/\\\/neu.wh.de\\\/wp-content\\\/uploads\\\/2025\\\/04\\\/niederspannungs-schaltanlagen-slider1.jpg\"},{\"@type\":\"BreadcrumbList\",\"@id\":\"https:\\\/\\\/wh.de\\\/produkte\\\/niederspannungs-schaltanlagen\\\/#breadcrumb\",\"itemListElement\":[{\"@type\":\"ListItem\",\"position\":1,\"name\":\"Startseite\",\"item\":\"https:\\\/\\\/wh.de\\\/\"},{\"@type\":\"ListItem\",\"position\":2,\"name\":\"Produkte\",\"item\":\"https:\\\/\\\/wh.de\\\/produkte\\\/\"},{\"@type\":\"ListItem\",\"position\":3,\"name\":\"Niederspannungs-Schaltanlagen\"}]},{\"@type\":\"WebSite\",\"@id\":\"https:\\\/\\\/wh.de\\\/#website\",\"url\":\"https:\\\/\\\/wh.de\\\/\",\"name\":\"Westhaus Energietechnik GmbH\",\"description\":\"Stromversorgungs- und Schaltanlagenbau\",\"publisher\":{\"@id\":\"https:\\\/\\\/wh.de\\\/#organization\"},\"potentialAction\":[{\"@type\":\"SearchAction\",\"target\":{\"@type\":\"EntryPoint\",\"urlTemplate\":\"https:\\\/\\\/wh.de\\\/?s={search_term_string}\"},\"query-input\":{\"@type\":\"PropertyValueSpecification\",\"valueRequired\":true,\"valueName\":\"search_term_string\"}}],\"inLanguage\":\"en-GB\"},{\"@type\":\"Organization\",\"@id\":\"https:\\\/\\\/wh.de\\\/#organization\",\"name\":\"Westhaus Energietechnik GmbH\",\"url\":\"https:\\\/\\\/wh.de\\\/\",\"logo\":{\"@type\":\"ImageObject\",\"inLanguage\":\"en-GB\",\"@id\":\"https:\\\/\\\/wh.de\\\/#\\\/schema\\\/logo\\\/image\\\/\",\"url\":\"https:\\\/\\\/wh.de\\\/wp-content\\\/uploads\\\/2020\\\/12\\\/WHDE-logo.png\",\"contentUrl\":\"https:\\\/\\\/wh.de\\\/wp-content\\\/uploads\\\/2020\\\/12\\\/WHDE-logo.png\",\"width\":45,\"height\":45,\"caption\":\"Westhaus Energietechnik GmbH\"},\"image\":{\"@id\":\"https:\\\/\\\/wh.de\\\/#\\\/schema\\\/logo\\\/image\\\/\"}}]}<\/script>\n<!-- \/ Yoast SEO plugin. -->","yoast_head_json":{"title":"Low-voltage switchgear - Westhaus Energietechnik GmbH","description":"Safe, reliable and powerful low-voltage switchgear takes over power distribution and control tasks in many areas.","robots":{"index":"index","follow":"follow","max-snippet":"max-snippet:-1","max-image-preview":"max-image-preview:large","max-video-preview":"max-video-preview:-1"},"canonical":"https:\/\/wh.de\/en\/products\/low-voltage-switchgear\/","schema":{"@context":"https:\/\/schema.org","@graph":[{"@type":"WebPage","@id":"https:\/\/wh.de\/produkte\/niederspannungs-schaltanlagen\/","url":"https:\/\/wh.de\/produkte\/niederspannungs-schaltanlagen\/","name":"Low-voltage switchgear - Westhaus Energietechnik GmbH","isPartOf":{"@id":"https:\/\/wh.de\/#website"},"primaryImageOfPage":{"@id":"https:\/\/wh.de\/produkte\/niederspannungs-schaltanlagen\/#primaryimage"},"image":{"@id":"https:\/\/wh.de\/produkte\/niederspannungs-schaltanlagen\/#primaryimage"},"thumbnailUrl":"https:\/\/neu.wh.de\/wp-content\/uploads\/2025\/04\/niederspannungs-schaltanlagen-slider1.jpg","datePublished":"2025-04-17T14:50:41+00:00","dateModified":"2025-07-08T14:31:11+00:00","description":"Safe, reliable and powerful low-voltage switchgear takes over power distribution and control tasks in many areas.","breadcrumb":{"@id":"https:\/\/wh.de\/produkte\/niederspannungs-schaltanlagen\/#breadcrumb"},"inLanguage":"en-GB","potentialAction":[{"@type":"ReadAction","target":["https:\/\/wh.de\/produkte\/niederspannungs-schaltanlagen\/"]}]},{"@type":"ImageObject","inLanguage":"en-GB","@id":"https:\/\/wh.de\/produkte\/niederspannungs-schaltanlagen\/#primaryimage","url":"https:\/\/neu.wh.de\/wp-content\/uploads\/2025\/04\/niederspannungs-schaltanlagen-slider1.jpg","contentUrl":"https:\/\/neu.wh.de\/wp-content\/uploads\/2025\/04\/niederspannungs-schaltanlagen-slider1.jpg"},{"@type":"BreadcrumbList","@id":"https:\/\/wh.de\/produkte\/niederspannungs-schaltanlagen\/#breadcrumb","itemListElement":[{"@type":"ListItem","position":1,"name":"Startseite","item":"https:\/\/wh.de\/"},{"@type":"ListItem","position":2,"name":"Produkte","item":"https:\/\/wh.de\/produkte\/"},{"@type":"ListItem","position":3,"name":"Niederspannungs-Schaltanlagen"}]},{"@type":"WebSite","@id":"https:\/\/wh.de\/#website","url":"https:\/\/wh.de\/","name":"Westhaus Energietechnik GmbH","description":"Power supply and switchgear construction","publisher":{"@id":"https:\/\/wh.de\/#organization"},"potentialAction":[{"@type":"SearchAction","target":{"@type":"EntryPoint","urlTemplate":"https:\/\/wh.de\/?s={search_term_string}"},"query-input":{"@type":"PropertyValueSpecification","valueRequired":true,"valueName":"search_term_string"}}],"inLanguage":"en-GB"},{"@type":"Organization","@id":"https:\/\/wh.de\/#organization","name":"Westhaus Energietechnik GmbH","url":"https:\/\/wh.de\/","logo":{"@type":"ImageObject","inLanguage":"en-GB","@id":"https:\/\/wh.de\/#\/schema\/logo\/image\/","url":"https:\/\/wh.de\/wp-content\/uploads\/2020\/12\/WHDE-logo.png","contentUrl":"https:\/\/wh.de\/wp-content\/uploads\/2020\/12\/WHDE-logo.png","width":45,"height":45,"caption":"Westhaus Energietechnik GmbH"},"image":{"@id":"https:\/\/wh.de\/#\/schema\/logo\/image\/"}}]}},"_links":{"self":[{"href":"https:\/\/wh.de\/en\/wp-json\/wp\/v2\/pages\/1193","targetHints":{"allow":["GET"]}}],"collection":[{"href":"https:\/\/wh.de\/en\/wp-json\/wp\/v2\/pages"}],"about":[{"href":"https:\/\/wh.de\/en\/wp-json\/wp\/v2\/types\/page"}],"author":[{"embeddable":true,"href":"https:\/\/wh.de\/en\/wp-json\/wp\/v2\/users\/1"}],"replies":[{"embeddable":true,"href":"https:\/\/wh.de\/en\/wp-json\/wp\/v2\/comments?post=1193"}],"version-history":[{"count":12,"href":"https:\/\/wh.de\/en\/wp-json\/wp\/v2\/pages\/1193\/revisions"}],"predecessor-version":[{"id":1849,"href":"https:\/\/wh.de\/en\/wp-json\/wp\/v2\/pages\/1193\/revisions\/1849"}],"up":[{"embeddable":true,"href":"https:\/\/wh.de\/en\/wp-json\/wp\/v2\/pages\/993"}],"wp:attachment":[{"href":"https:\/\/wh.de\/en\/wp-json\/wp\/v2\/media?parent=1193"}],"curies":[{"name":"wp","href":"https:\/\/api.w.org\/{rel}","templated":true}]}}