{"id":1210,"date":"2025-04-17T17:10:17","date_gmt":"2025-04-17T15:10:17","guid":{"rendered":"http:\/\/wh.de.www302.your-server.de\/?page_id=1210"},"modified":"2025-07-08T16:54:29","modified_gmt":"2025-07-08T14:54:29","slug":"ups-systems","status":"publish","type":"page","link":"https:\/\/wh.de\/en\/produkte\/usv-anlagen\/","title":{"rendered":"UPS-Systems"},"content":{"rendered":"<div data-elementor-type=\"wp-page\" data-elementor-id=\"1210\" class=\"elementor elementor-1210\" data-elementor-post-type=\"page\">\n\t\t\t\t<div class=\"elementor-element elementor-element-741fb9f e-flex e-con-boxed e-con e-parent\" data-id=\"741fb9f\" data-element_type=\"container\" data-e-type=\"container\" data-settings=\"{&quot;_ha_eqh_enable&quot;:false}\">\n\t\t\t\t\t<div class=\"e-con-inner\">\n\t\t\t\t<div class=\"elementor-element elementor-element-4520f60 elementor-widget elementor-widget-spacer\" data-id=\"4520f60\" data-element_type=\"widget\" data-e-type=\"widget\" data-widget_type=\"spacer.default\">\n\t\t\t\t<div class=\"elementor-widget-container\">\n\t\t\t\t\t\t\t<div class=\"elementor-spacer\">\n\t\t\t<div class=\"elementor-spacer-inner\"><\/div>\n\t\t<\/div>\n\t\t\t\t\t\t<\/div>\n\t\t\t\t<\/div>\n\t\t\t\t\t<\/div>\n\t\t\t\t<\/div>\n\t\t<div class=\"elementor-element elementor-element-1c77026 e-flex e-con-boxed e-con e-parent\" data-id=\"1c77026\" data-element_type=\"container\" data-e-type=\"container\" data-settings=\"{&quot;_ha_eqh_enable&quot;:false}\">\n\t\t\t\t\t<div class=\"e-con-inner\">\n\t\t\t\t<div class=\"elementor-element elementor-element-3e55ef2a elementor-widget elementor-widget-heading\" data-id=\"3e55ef2a\" data-element_type=\"widget\" data-e-type=\"widget\" data-widget_type=\"heading.default\">\n\t\t\t\t<div class=\"elementor-widget-container\">\n\t\t\t\t\t<h1 class=\"elementor-heading-title elementor-size-default\">UPS-Systems<\/h1>\t\t\t\t<\/div>\n\t\t\t\t<\/div>\n\t\t\t\t\t<\/div>\n\t\t\t\t<\/div>\n\t\t<div class=\"elementor-element elementor-element-dd63427 e-flex e-con-boxed e-con e-parent\" data-id=\"dd63427\" data-element_type=\"container\" data-e-type=\"container\" data-settings=\"{&quot;_ha_eqh_enable&quot;:false}\">\n\t\t\t\t\t<div class=\"e-con-inner\">\n\t\t\t\t<div class=\"elementor-element elementor-element-f1dbf56 elementor-widget elementor-widget-image\" data-id=\"f1dbf56\" data-element_type=\"widget\" data-e-type=\"widget\" data-widget_type=\"image.default\">\n\t\t\t\t<div class=\"elementor-widget-container\">\n\t\t\t\t\t\t\t\t\t\t\t\t\t\t\t<img loading=\"lazy\" decoding=\"async\" width=\"1139\" height=\"430\" src=\"https:\/\/wh.de\/wp-content\/uploads\/2025\/04\/usv-slider1.jpg\" class=\"attachment-full size-full wp-image-1077\" alt=\"UPS-Systems\" srcset=\"https:\/\/wh.de\/wp-content\/uploads\/2025\/04\/usv-slider1.jpg 1139w, https:\/\/wh.de\/wp-content\/uploads\/2025\/04\/usv-slider1-300x113.jpg 300w, https:\/\/wh.de\/wp-content\/uploads\/2025\/04\/usv-slider1-1024x387.jpg 1024w, https:\/\/wh.de\/wp-content\/uploads\/2025\/04\/usv-slider1-768x290.jpg 768w, https:\/\/wh.de\/wp-content\/uploads\/2025\/04\/usv-slider1-18x7.jpg 18w\" sizes=\"auto, (max-width: 1139px) 100vw, 1139px\" \/>\t\t\t\t\t\t\t\t\t\t\t\t\t\t\t<\/div>\n\t\t\t\t<\/div>\n\t\t\t\t\t<\/div>\n\t\t\t\t<\/div>\n\t\t<div class=\"elementor-element elementor-element-ae51756 e-flex e-con-boxed e-con e-parent\" data-id=\"ae51756\" data-element_type=\"container\" data-e-type=\"container\" data-settings=\"{&quot;_ha_eqh_enable&quot;:false}\">\n\t\t\t\t\t<div class=\"e-con-inner\">\n\t\t\t\t<div class=\"elementor-element elementor-element-26104df elementor-widget elementor-widget-text-editor\" data-id=\"26104df\" data-element_type=\"widget\" data-e-type=\"widget\" data-widget_type=\"text-editor.default\">\n\t\t\t\t<div class=\"elementor-widget-container\">\n\t\t\t\t\t\t\t\t\t<p>The uninterruptible power supply (UPS) serves as an interface between the supply network and the load, it guarantees continuity and high reliability in the power supply. The UPS systems from Westhaus Energietechnik GmbH ensure an uninterruptible power supply to consumers even in the event of a power failure and are the simplest method of bridging grid disturbances. In addition, the use of the UPS ensures high power quality for the consumers.<br \/>UPS systems have a convenient monitoring system and quickly provide diagnostic data regarding the condition of the system. They can be operated in parallel to increase performance or to provide the necessary redundancy.<br \/><br \/>UPS systems work thanks to online technology with double conversion (UPS-CIB), i.e. the consumers are always supplied by the active source (inverter or switching device). The built-in charging unit supplies the full load current of the inverter and simultaneously charges the batteries or keeps them fully charged. In the event of a power failure, the inverter is supplied directly from the battery without interrupting the output voltage. If the battery is discharged below its available capacity, the inverter switches off automatically.<br \/>To overhaul the UPS or the battery, the system has a bypass switch that disconnects the entire system from the load while the load continues to be supplied with mains voltage.<\/p>\t\t\t\t\t\t\t\t<\/div>\n\t\t\t\t<\/div>\n\t\t\t\t\t<\/div>\n\t\t\t\t<\/div>\n\t\t<div class=\"elementor-element elementor-element-bf0f87a e-flex e-con-boxed e-con e-parent\" data-id=\"bf0f87a\" data-element_type=\"container\" data-e-type=\"container\" data-settings=\"{&quot;_ha_eqh_enable&quot;:false}\">\n\t\t\t\t\t<div class=\"e-con-inner\">\n\t\t<div class=\"elementor-element elementor-element-fc5c78a e-con-full e-flex e-con e-child\" data-id=\"fc5c78a\" data-element_type=\"container\" data-e-type=\"container\" data-settings=\"{&quot;_ha_eqh_enable&quot;:false}\">\n\t\t\t\t<div class=\"elementor-element elementor-element-cdda733 elementor-align-center elementor-widget elementor-widget-button\" data-id=\"cdda733\" data-element_type=\"widget\" data-e-type=\"widget\" data-widget_type=\"button.default\">\n\t\t\t\t<div class=\"elementor-widget-container\">\n\t\t\t\t\t\t\t\t\t<div class=\"elementor-button-wrapper\">\n\t\t\t\t\t<a class=\"elementor-button elementor-button-link elementor-size-sm\" href=\"https:\/\/wh.de\/en\/produkte\/niederspannungs-schaltanlagen\/\">\n\t\t\t\t\t\t<span class=\"elementor-button-content-wrapper\">\n\t\t\t\t\t\t<span class=\"elementor-button-icon\">\n\t\t\t\t<svg aria-hidden=\"true\" class=\"e-font-icon-svg e-far-arrow-alt-circle-left\" viewbox=\"0 0 512 512\" xmlns=\"http:\/\/www.w3.org\/2000\/svg\"><path d=\"M8 256c0 137 111 248 248 248s248-111 248-248S393 8 256 8 8 119 8 256zm448 0c0 110.5-89.5 200-200 200S56 366.5 56 256 145.5 56 256 56s200 89.5 200 200zm-72-20v40c0 6.6-5.4 12-12 12H256v67c0 10.7-12.9 16-20.5 8.5l-99-99c-4.7-4.7-4.7-12.3 0-17l99-99c7.6-7.6 20.5-2.2 20.5 8.5v67h116c6.6 0 12 5.4 12 12z\"><\/path><\/svg>\t\t\t<\/span>\n\t\t\t\t\t\t\t\t\t<span class=\"elementor-button-text\">Low-voltage switchgear<\/span>\n\t\t\t\t\t<\/span>\n\t\t\t\t\t<\/a>\n\t\t\t\t<\/div>\n\t\t\t\t\t\t\t\t<\/div>\n\t\t\t\t<\/div>\n\t\t\t\t<\/div>\n\t\t\t\t\t<\/div>\n\t\t\t\t<\/div>\n\t\t<div class=\"elementor-element elementor-element-ff4e361 e-flex e-con-boxed e-con e-parent\" data-id=\"ff4e361\" data-element_type=\"container\" data-e-type=\"container\" data-settings=\"{&quot;_ha_eqh_enable&quot;:false}\">\n\t\t\t\t\t<div class=\"e-con-inner\">\n\t\t\t\t<div class=\"elementor-element elementor-element-70dda83 elementor-widget elementor-widget-spacer\" data-id=\"70dda83\" data-element_type=\"widget\" data-e-type=\"widget\" data-widget_type=\"spacer.default\">\n\t\t\t\t<div class=\"elementor-widget-container\">\n\t\t\t\t\t\t\t<div class=\"elementor-spacer\">\n\t\t\t<div class=\"elementor-spacer-inner\"><\/div>\n\t\t<\/div>\n\t\t\t\t\t\t<\/div>\n\t\t\t\t<\/div>\n\t\t\t\t\t<\/div>\n\t\t\t\t<\/div>\n\t\t\t\t<\/div>","protected":false},"excerpt":{"rendered":"<p>USV-Anlagen Die unterbrechungsfreie Stromversorgung (USV) dient als Schnittstelle zwischen Versorgungsnetz und Verbraucher, sie garantiert Kontinuit\u00e4t sowie eine hohe Zuverl\u00e4ssigkeit in der Stromversorgung. Die USV-Anlagen der Westhaus Energietechnik GmbH sichern auch bei einem Netzausfall eine unterbrechungsfreie Versorgung der Verbraucher und sind die einfachste Methode Netzst\u00f6rungen zu \u00fcberbr\u00fccken. Au\u00dferdem wird durch den Einsatz der USV eine hohe [&hellip;]<\/p>\n","protected":false},"author":1,"featured_media":0,"parent":993,"menu_order":0,"comment_status":"closed","ping_status":"closed","template":"","meta":{"footnotes":""},"class_list":["post-1210","page","type-page","status-publish","hentry"],"yoast_head":"<!-- This site is optimized with the Yoast SEO plugin v27.4 - https:\/\/yoast.com\/product\/yoast-seo-wordpress\/ -->\n<title>USV-Anlagen - Westhaus Energietechnik GmbH<\/title>\n<meta name=\"description\" content=\"Die Online-Technologie in unseren USV-Anlagen mit Mikroprozesstechnik sichert auch bei einemStromausfall die unterbrechungsfreie Versorgung.\" \/>\n<meta name=\"robots\" content=\"index, follow, max-snippet:-1, max-image-preview:large, max-video-preview:-1\" \/>\n<link rel=\"canonical\" href=\"https:\/\/wh.de\/en\/products\/ups-systems\/\" \/>\n<script type=\"application\/ld+json\" class=\"yoast-schema-graph\">{\"@context\":\"https:\\\/\\\/schema.org\",\"@graph\":[{\"@type\":\"WebPage\",\"@id\":\"https:\\\/\\\/wh.de\\\/en\\\/products\\\/ups-systems\\\/\",\"url\":\"https:\\\/\\\/wh.de\\\/en\\\/products\\\/ups-systems\\\/\",\"name\":\"USV-Anlagen - Westhaus Energietechnik GmbH\",\"isPartOf\":{\"@id\":\"https:\\\/\\\/wh.de\\\/#website\"},\"primaryImageOfPage\":{\"@id\":\"https:\\\/\\\/wh.de\\\/en\\\/products\\\/ups-systems\\\/#primaryimage\"},\"image\":{\"@id\":\"https:\\\/\\\/wh.de\\\/en\\\/products\\\/ups-systems\\\/#primaryimage\"},\"thumbnailUrl\":\"https:\\\/\\\/neu.wh.de\\\/wp-content\\\/uploads\\\/2025\\\/04\\\/usv-slider1.jpg\",\"datePublished\":\"2025-04-17T15:10:17+00:00\",\"dateModified\":\"2025-07-08T14:54:29+00:00\",\"description\":\"Die Online-Technologie in unseren USV-Anlagen mit Mikroprozesstechnik sichert auch bei einemStromausfall die unterbrechungsfreie Versorgung.\",\"breadcrumb\":{\"@id\":\"https:\\\/\\\/wh.de\\\/en\\\/products\\\/ups-systems\\\/#breadcrumb\"},\"inLanguage\":\"en-GB\",\"potentialAction\":[{\"@type\":\"ReadAction\",\"target\":[\"https:\\\/\\\/wh.de\\\/en\\\/products\\\/ups-systems\\\/\"]}]},{\"@type\":\"ImageObject\",\"inLanguage\":\"en-GB\",\"@id\":\"https:\\\/\\\/wh.de\\\/en\\\/products\\\/ups-systems\\\/#primaryimage\",\"url\":\"https:\\\/\\\/neu.wh.de\\\/wp-content\\\/uploads\\\/2025\\\/04\\\/usv-slider1.jpg\",\"contentUrl\":\"https:\\\/\\\/neu.wh.de\\\/wp-content\\\/uploads\\\/2025\\\/04\\\/usv-slider1.jpg\"},{\"@type\":\"BreadcrumbList\",\"@id\":\"https:\\\/\\\/wh.de\\\/en\\\/products\\\/ups-systems\\\/#breadcrumb\",\"itemListElement\":[{\"@type\":\"ListItem\",\"position\":1,\"name\":\"Startseite\",\"item\":\"https:\\\/\\\/wh.de\\\/\"},{\"@type\":\"ListItem\",\"position\":2,\"name\":\"Produkte\",\"item\":\"https:\\\/\\\/wh.de\\\/produkte\\\/\"},{\"@type\":\"ListItem\",\"position\":3,\"name\":\"USV-Anlagen\"}]},{\"@type\":\"WebSite\",\"@id\":\"https:\\\/\\\/wh.de\\\/#website\",\"url\":\"https:\\\/\\\/wh.de\\\/\",\"name\":\"Westhaus Energietechnik GmbH\",\"description\":\"Stromversorgungs- und Schaltanlagenbau\",\"publisher\":{\"@id\":\"https:\\\/\\\/wh.de\\\/#organization\"},\"potentialAction\":[{\"@type\":\"SearchAction\",\"target\":{\"@type\":\"EntryPoint\",\"urlTemplate\":\"https:\\\/\\\/wh.de\\\/?s={search_term_string}\"},\"query-input\":{\"@type\":\"PropertyValueSpecification\",\"valueRequired\":true,\"valueName\":\"search_term_string\"}}],\"inLanguage\":\"en-GB\"},{\"@type\":\"Organization\",\"@id\":\"https:\\\/\\\/wh.de\\\/#organization\",\"name\":\"Westhaus Energietechnik GmbH\",\"url\":\"https:\\\/\\\/wh.de\\\/\",\"logo\":{\"@type\":\"ImageObject\",\"inLanguage\":\"en-GB\",\"@id\":\"https:\\\/\\\/wh.de\\\/#\\\/schema\\\/logo\\\/image\\\/\",\"url\":\"https:\\\/\\\/wh.de\\\/wp-content\\\/uploads\\\/2020\\\/12\\\/WHDE-logo.png\",\"contentUrl\":\"https:\\\/\\\/wh.de\\\/wp-content\\\/uploads\\\/2020\\\/12\\\/WHDE-logo.png\",\"width\":45,\"height\":45,\"caption\":\"Westhaus Energietechnik GmbH\"},\"image\":{\"@id\":\"https:\\\/\\\/wh.de\\\/#\\\/schema\\\/logo\\\/image\\\/\"}}]}<\/script>\n<!-- \/ Yoast SEO plugin. -->","yoast_head_json":{"title":"UPS systems","description":"The online technology of our UPS systems with microprocessor technology ensures uninterruptible power supply even in the event of a power failure.","robots":{"index":"index","follow":"follow","max-snippet":"max-snippet:-1","max-image-preview":"max-image-preview:large","max-video-preview":"max-video-preview:-1"},"canonical":"https:\/\/wh.de\/en\/products\/ups-systems\/","schema":{"@context":"https:\/\/schema.org","@graph":[{"@type":"WebPage","@id":"https:\/\/wh.de\/en\/products\/ups-systems\/","url":"https:\/\/wh.de\/en\/products\/ups-systems\/","name":"UPS systems","isPartOf":{"@id":"https:\/\/wh.de\/#website"},"primaryImageOfPage":{"@id":"https:\/\/wh.de\/en\/products\/ups-systems\/#primaryimage"},"image":{"@id":"https:\/\/wh.de\/en\/products\/ups-systems\/#primaryimage"},"thumbnailUrl":"https:\/\/neu.wh.de\/wp-content\/uploads\/2025\/04\/usv-slider1.jpg","datePublished":"2025-04-17T15:10:17+00:00","dateModified":"2025-07-08T14:54:29+00:00","description":"The online technology of our UPS systems with microprocessor technology ensures uninterruptible power supply even in the event of a power failure.","breadcrumb":{"@id":"https:\/\/wh.de\/en\/products\/ups-systems\/#breadcrumb"},"inLanguage":"en-GB","potentialAction":[{"@type":"ReadAction","target":["https:\/\/wh.de\/en\/products\/ups-systems\/"]}]},{"@type":"ImageObject","inLanguage":"en-GB","@id":"https:\/\/wh.de\/en\/products\/ups-systems\/#primaryimage","url":"https:\/\/neu.wh.de\/wp-content\/uploads\/2025\/04\/usv-slider1.jpg","contentUrl":"https:\/\/neu.wh.de\/wp-content\/uploads\/2025\/04\/usv-slider1.jpg"},{"@type":"BreadcrumbList","@id":"https:\/\/wh.de\/en\/products\/ups-systems\/#breadcrumb","itemListElement":[{"@type":"ListItem","position":1,"name":"Startseite","item":"https:\/\/wh.de\/"},{"@type":"ListItem","position":2,"name":"Produkte","item":"https:\/\/wh.de\/produkte\/"},{"@type":"ListItem","position":3,"name":"USV-Anlagen"}]},{"@type":"WebSite","@id":"https:\/\/wh.de\/#website","url":"https:\/\/wh.de\/","name":"Westhaus Energietechnik GmbH","description":"Power supply and switchgear construction","publisher":{"@id":"https:\/\/wh.de\/#organization"},"potentialAction":[{"@type":"SearchAction","target":{"@type":"EntryPoint","urlTemplate":"https:\/\/wh.de\/?s={search_term_string}"},"query-input":{"@type":"PropertyValueSpecification","valueRequired":true,"valueName":"search_term_string"}}],"inLanguage":"en-GB"},{"@type":"Organization","@id":"https:\/\/wh.de\/#organization","name":"Westhaus Energietechnik GmbH","url":"https:\/\/wh.de\/","logo":{"@type":"ImageObject","inLanguage":"en-GB","@id":"https:\/\/wh.de\/#\/schema\/logo\/image\/","url":"https:\/\/wh.de\/wp-content\/uploads\/2020\/12\/WHDE-logo.png","contentUrl":"https:\/\/wh.de\/wp-content\/uploads\/2020\/12\/WHDE-logo.png","width":45,"height":45,"caption":"Westhaus Energietechnik GmbH"},"image":{"@id":"https:\/\/wh.de\/#\/schema\/logo\/image\/"}}]}},"_links":{"self":[{"href":"https:\/\/wh.de\/en\/wp-json\/wp\/v2\/pages\/1210","targetHints":{"allow":["GET"]}}],"collection":[{"href":"https:\/\/wh.de\/en\/wp-json\/wp\/v2\/pages"}],"about":[{"href":"https:\/\/wh.de\/en\/wp-json\/wp\/v2\/types\/page"}],"author":[{"embeddable":true,"href":"https:\/\/wh.de\/en\/wp-json\/wp\/v2\/users\/1"}],"replies":[{"embeddable":true,"href":"https:\/\/wh.de\/en\/wp-json\/wp\/v2\/comments?post=1210"}],"version-history":[{"count":9,"href":"https:\/\/wh.de\/en\/wp-json\/wp\/v2\/pages\/1210\/revisions"}],"predecessor-version":[{"id":1852,"href":"https:\/\/wh.de\/en\/wp-json\/wp\/v2\/pages\/1210\/revisions\/1852"}],"up":[{"embeddable":true,"href":"https:\/\/wh.de\/en\/wp-json\/wp\/v2\/pages\/993"}],"wp:attachment":[{"href":"https:\/\/wh.de\/en\/wp-json\/wp\/v2\/media?parent=1210"}],"curies":[{"name":"wp","href":"https:\/\/api.w.org\/{rel}","templated":true}]}}