{"id":1231,"date":"2025-04-17T17:49:15","date_gmt":"2025-04-17T15:49:15","guid":{"rendered":"http:\/\/wh.de.www302.your-server.de\/?page_id=1231"},"modified":"2026-01-21T14:51:05","modified_gmt":"2026-01-21T13:51:05","slug":"career","status":"publish","type":"page","link":"https:\/\/wh.de\/en\/jobs\/","title":{"rendered":"Career"},"content":{"rendered":"<div data-elementor-type=\"wp-page\" data-elementor-id=\"1231\" class=\"elementor elementor-1231\" data-elementor-post-type=\"page\">\n\t\t\t\t<div class=\"elementor-element elementor-element-fa28541 e-flex e-con-boxed e-con e-parent\" data-id=\"fa28541\" data-element_type=\"container\" data-e-type=\"container\" data-settings=\"{&quot;_ha_eqh_enable&quot;:false}\">\n\t\t\t\t\t<div class=\"e-con-inner\">\n\t\t\t\t<div class=\"elementor-element elementor-element-de5efdd elementor-widget elementor-widget-spacer\" data-id=\"de5efdd\" data-element_type=\"widget\" data-e-type=\"widget\" data-widget_type=\"spacer.default\">\n\t\t\t\t<div class=\"elementor-widget-container\">\n\t\t\t\t\t\t\t<div class=\"elementor-spacer\">\n\t\t\t<div class=\"elementor-spacer-inner\"><\/div>\n\t\t<\/div>\n\t\t\t\t\t\t<\/div>\n\t\t\t\t<\/div>\n\t\t\t\t\t<\/div>\n\t\t\t\t<\/div>\n\t\t<div class=\"elementor-element elementor-element-d41f137 e-flex e-con-boxed e-con e-parent\" data-id=\"d41f137\" data-element_type=\"container\" data-e-type=\"container\" data-settings=\"{&quot;_ha_eqh_enable&quot;:false}\">\n\t\t\t\t\t<div class=\"e-con-inner\">\n\t\t\t\t<div class=\"elementor-element elementor-element-7cded52 elementor-widget elementor-widget-heading\" data-id=\"7cded52\" data-element_type=\"widget\" data-e-type=\"widget\" data-widget_type=\"heading.default\">\n\t\t\t\t<div class=\"elementor-widget-container\">\n\t\t\t\t\t<h1 class=\"elementor-heading-title elementor-size-default\">Career<\/h1>\t\t\t\t<\/div>\n\t\t\t\t<\/div>\n\t\t\t\t\t<\/div>\n\t\t\t\t<\/div>\n\t\t<div class=\"elementor-element elementor-element-ee824b8 e-flex e-con-boxed e-con e-parent\" data-id=\"ee824b8\" data-element_type=\"container\" data-e-type=\"container\" data-settings=\"{&quot;_ha_eqh_enable&quot;:false}\">\n\t\t\t\t\t<div class=\"e-con-inner\">\n\t\t\t\t<div class=\"elementor-element elementor-element-e123c7d elementor-widget elementor-widget-image\" data-id=\"e123c7d\" data-element_type=\"widget\" data-e-type=\"widget\" data-widget_type=\"image.default\">\n\t\t\t\t<div class=\"elementor-widget-container\">\n\t\t\t\t\t\t\t\t\t\t\t\t\t\t\t<img loading=\"lazy\" decoding=\"async\" width=\"1918\" height=\"1006\" src=\"https:\/\/wh.de\/wp-content\/uploads\/2026\/01\/teamfoto-karriere-01.jpg\" class=\"attachment-full size-full wp-image-2120\" alt=\"Team Westhaus\" srcset=\"https:\/\/wh.de\/wp-content\/uploads\/2026\/01\/teamfoto-karriere-01.jpg 1918w, https:\/\/wh.de\/wp-content\/uploads\/2026\/01\/teamfoto-karriere-01-300x157.jpg 300w, https:\/\/wh.de\/wp-content\/uploads\/2026\/01\/teamfoto-karriere-01-1024x537.jpg 1024w, https:\/\/wh.de\/wp-content\/uploads\/2026\/01\/teamfoto-karriere-01-768x403.jpg 768w, https:\/\/wh.de\/wp-content\/uploads\/2026\/01\/teamfoto-karriere-01-1536x806.jpg 1536w, https:\/\/wh.de\/wp-content\/uploads\/2026\/01\/teamfoto-karriere-01-18x9.jpg 18w\" sizes=\"auto, (max-width: 1918px) 100vw, 1918px\" \/>\t\t\t\t\t\t\t\t\t\t\t\t\t\t\t<\/div>\n\t\t\t\t<\/div>\n\t\t\t\t\t<\/div>\n\t\t\t\t<\/div>\n\t\t<div class=\"elementor-element elementor-element-c68024f e-flex e-con-boxed e-con e-parent\" data-id=\"c68024f\" data-element_type=\"container\" data-e-type=\"container\" data-settings=\"{&quot;_ha_eqh_enable&quot;:false}\">\n\t\t\t\t\t<div class=\"e-con-inner\">\n\t\t\t\t<div class=\"elementor-element elementor-element-600b11c elementor-invisible elementor-widget elementor-widget-text-editor\" data-id=\"600b11c\" data-element_type=\"widget\" data-e-type=\"widget\" data-settings=\"{&quot;_animation&quot;:&quot;zoomInLeft&quot;,&quot;_animation_delay&quot;:1000}\" data-widget_type=\"text-editor.default\">\n\t\t\t\t<div class=\"elementor-widget-container\">\n\t\t\t\t\t\t\t\t\t<p>To keep the electricity flowing in the future, we are looking for<\/p>\t\t\t\t\t\t\t\t<\/div>\n\t\t\t\t<\/div>\n\t\t\t\t\t<\/div>\n\t\t\t\t<\/div>\n\t\t<div class=\"elementor-element elementor-element-87acd3d e-flex e-con-boxed e-con e-parent\" data-id=\"87acd3d\" data-element_type=\"container\" data-e-type=\"container\" data-settings=\"{&quot;_ha_eqh_enable&quot;:false}\">\n\t\t\t\t\t<div class=\"e-con-inner\">\n\t\t\t\t<div class=\"elementor-element elementor-element-c9a63a7 elementor-invisible elementor-widget elementor-widget-heading\" data-id=\"c9a63a7\" data-element_type=\"widget\" data-e-type=\"widget\" data-settings=\"{&quot;_animation&quot;:&quot;zoomInRight&quot;,&quot;_animation_delay&quot;:2000}\" data-widget_type=\"heading.default\">\n\t\t\t\t<div class=\"elementor-widget-container\">\n\t\t\t\t\t<div class=\"elementor-heading-title elementor-size-default\">YOU!<\/div>\t\t\t\t<\/div>\n\t\t\t\t<\/div>\n\t\t\t\t\t<\/div>\n\t\t\t\t<\/div>\n\t\t<div class=\"elementor-element elementor-element-ccfbde9 e-flex e-con-boxed e-con e-parent\" data-id=\"ccfbde9\" data-element_type=\"container\" data-e-type=\"container\" data-settings=\"{&quot;_ha_eqh_enable&quot;:false}\">\n\t\t\t\t\t<div class=\"e-con-inner\">\n\t\t\t\t<div class=\"elementor-element elementor-element-df85529 elementor-widget elementor-widget-text-editor\" data-id=\"df85529\" data-element_type=\"widget\" data-e-type=\"widget\" data-widget_type=\"text-editor.default\">\n\t\t\t\t<div class=\"elementor-widget-container\">\n\t\t\t\t\t\t\t\t\t<p>Developing and promoting efficient technologies for the utilisation of renewable and traditional energies - that is what Westhaus Energietechnik GmbH in Dresden stands for. Our strength is the fast, efficient and professional realisation of complex energy projects.\u00a0<\/p>\t\t\t\t\t\t\t\t<\/div>\n\t\t\t\t<\/div>\n\t\t\t\t\t<\/div>\n\t\t\t\t<\/div>\n\t\t<div class=\"elementor-element elementor-element-a99f968 e-flex e-con-boxed e-con e-parent\" data-id=\"a99f968\" data-element_type=\"container\" data-e-type=\"container\" data-settings=\"{&quot;_ha_eqh_enable&quot;:false}\">\n\t\t\t\t\t<div class=\"e-con-inner\">\n\t\t\t\t<div class=\"elementor-element elementor-element-ce98fed elementor-widget elementor-widget-text-editor\" data-id=\"ce98fed\" data-element_type=\"widget\" data-e-type=\"widget\" data-widget_type=\"text-editor.default\">\n\t\t\t\t<div class=\"elementor-widget-container\">\n\t\t\t\t\t\t\t\t\t<section id=\"section-id-1501762591944\" class=\"sppb-section\"><div class=\"sppb-row-container\"><div class=\"sppb-row\"><div id=\"column-wrap-id-1501762591945\" class=\"sppb-col-md-7\"><div id=\"column-id-1501762591945\" class=\"sppb-column\"><div class=\"sppb-column-addons\"><div id=\"sppb-addon-wrapper-1501762817832\" class=\"sppb-addon-wrapper\"><div id=\"sppb-addon-1501762817832\" class=\"clearfix\"><div class=\"sppb-addon sppb-addon-text-block sppb-text-left\"><div class=\"sppb-addon-content\"><p><strong>Secure a job in a future-proof industry and become an important part of our team.<\/strong><\/p><\/div><\/div><\/div><\/div><\/div><\/div><\/div><\/div><\/div><\/section><section id=\"section-id-1605776796478\" class=\"sppb-section\"><div class=\"sppb-row-container\"><div class=\"sppb-row\"><div id=\"column-wrap-id-1605776796477\" class=\"sppb-col-md-12\"><div id=\"column-id-1605776796477\" class=\"sppb-column\"><div class=\"sppb-column-addons\"><div id=\"sppb-addon-wrapper-1605776796521\" class=\"sppb-addon-wrapper\"><div id=\"sppb-addon-1605776796521\" class=\"clearfix\"><div class=\"sppb-addon sppb-addon-text-block sppb-text-left\"><div class=\"sppb-addon-content\"><div><strong>Advantages:<\/strong><\/div><ul><li>We generally work without shifts and in a 5-day week<\/li><li>Our induction phases are supported by a mentor who can help you with any questions or concerns you may have.<\/li><li>Free hot and cold drinks and regular fruit baskets ensure the well-being of our employees<\/li><li>Every new employee receives a welcome pack with high-quality work clothing<\/li><li>There are also countless perks (employee offers - corporate benefits) (discounts on travel, clothing, electronics, etc.).<\/li><li>An open training concept in which everyone can express their wishes is important to us<\/li><li>Our management concept leaves plenty of room for personal initiative<\/li><li>Our employees' families and free time are important to us, which is why we offer flexible working time models to harmonise private life and work<\/li><\/ul><p>We also offer internships for prospective electrical engineers and business economists or dual study programmes for those who would like to become one. We look forward to getting to know you personally!<\/p><\/div><\/div><\/div><\/div><\/div><\/div><\/div><\/div><\/div><\/section>\t\t\t\t\t\t\t\t<\/div>\n\t\t\t\t<\/div>\n\t\t<div class=\"elementor-element elementor-element-b994c4f e-con-full e-flex e-con e-child\" data-id=\"b994c4f\" data-element_type=\"container\" data-e-type=\"container\" data-settings=\"{&quot;_ha_eqh_enable&quot;:false}\">\n\t\t\t\t<div class=\"elementor-element elementor-element-0cafe28 elementor-widget elementor-widget-image\" data-id=\"0cafe28\" data-element_type=\"widget\" data-e-type=\"widget\" data-widget_type=\"image.default\">\n\t\t\t\t<div class=\"elementor-widget-container\">\n\t\t\t\t\t\t\t\t\t\t\t\t\t\t\t<img loading=\"lazy\" decoding=\"async\" width=\"380\" height=\"262\" src=\"https:\/\/wh.de\/wp-content\/uploads\/2025\/08\/Signet_IHKDD-VAB_2025-web.jpg\" class=\"attachment-full size-full wp-image-2051\" alt=\"IHK exemplary training company\" srcset=\"https:\/\/wh.de\/wp-content\/uploads\/2025\/08\/Signet_IHKDD-VAB_2025-web.jpg 380w, https:\/\/wh.de\/wp-content\/uploads\/2025\/08\/Signet_IHKDD-VAB_2025-web-300x207.jpg 300w, https:\/\/wh.de\/wp-content\/uploads\/2025\/08\/Signet_IHKDD-VAB_2025-web-18x12.jpg 18w\" sizes=\"auto, (max-width: 380px) 100vw, 380px\" \/>\t\t\t\t\t\t\t\t\t\t\t\t\t\t\t<\/div>\n\t\t\t\t<\/div>\n\t\t\t\t<\/div>\n\t\t\t\t\t<\/div>\n\t\t\t\t<\/div>\n\t\t<div class=\"elementor-element elementor-element-cf951b5 e-flex e-con-boxed e-con e-parent\" data-id=\"cf951b5\" data-element_type=\"container\" data-e-type=\"container\" data-settings=\"{&quot;_ha_eqh_enable&quot;:false}\">\n\t\t\t\t\t<div class=\"e-con-inner\">\n\t\t\t\t<div class=\"elementor-element elementor-element-bdea322 elementor-widget elementor-widget-text-editor\" data-id=\"bdea322\" data-element_type=\"widget\" data-e-type=\"widget\" data-widget_type=\"text-editor.default\">\n\t\t\t\t<div class=\"elementor-widget-container\">\n\t\t\t\t\t\t\t\t\t<p><strong>We are currently looking for reinforcement in the following areas:<\/strong><\/p>\t\t\t\t\t\t\t\t<\/div>\n\t\t\t\t<\/div>\n\t\t\t\t\t<\/div>\n\t\t\t\t<\/div>\n\t\t<div class=\"elementor-element elementor-element-03fc4d2 e-flex e-con-boxed e-con e-parent\" data-id=\"03fc4d2\" data-element_type=\"container\" data-e-type=\"container\" data-settings=\"{&quot;_ha_eqh_enable&quot;:false}\">\n\t\t\t\t\t<div class=\"e-con-inner\">\n\t\t\t\t<div class=\"elementor-element elementor-element-9ac647b elementor-widget elementor-widget-html\" data-id=\"9ac647b\" data-element_type=\"widget\" data-e-type=\"widget\" data-widget_type=\"html.default\">\n\t\t\t\t<div class=\"elementor-widget-container\">\n\t\t\t\t\t<div id=\"join-widget\"> <script defer type=\"text\/javascript\" data-mount-in=\"#join-widget\" src=\"https:\/\/join.com\/api\/widget\/bundle\/eyJhbGciOiJIUzI1NiIsInR5cCI6IkpXVCJ9.eyJzZXR0aW5ncyI6eyJzaG93Q2F0ZWdvcnlGaWx0ZXIiOnRydWUsInNob3dMb2NhdGlvbkZpbHRlciI6dHJ1ZSwic2hvd0VtcGxveW1lbnRUeXBlRmlsdGVyIjp0cnVlLCJsYW5ndWFnZSI6ImRlIiwiam9ic1BlclBhZ2UiOjEwMH0sImpvYnMiOnt9LCJkZXNpZ24iOnsic2hvd0xvZ28iOnRydWUsInNob3dMb2NhdGlvbiI6dHJ1ZSwic2hvd0VtcGxveW1lbnRUeXBlIjp0cnVlLCJzaG93Q2F0ZWdvcnkiOnRydWUsImNvbG9ycyI6eyJ3aWRnZXQiOnsiYmFja2dyb3VuZCI6IiNGRkZGRkYiLCJmaWx0ZXJCb3JkZXIiOiIjRDRENEQ4IiwicGFnaW5hdGlvbiI6IiMyNTYzRUIifSwiam9iQ2FyZCI6eyJzaGFkb3ciOiIjRDRENEQ4IiwiYmFja2dyb3VuZCI6IiNGRkZGRkYiLCJwcmltYXJ5VGV4dCI6IiMzRjNGNDYiLCJzZWNvbmRhcnlUZXh0IjoiIzUyNTI1QiJ9fX0sInZlcnNpb24iOjIsImNvbXBhbnlQdWJsaWNJZCI6Ijc3Mjc4NjE2NDJjMDNmNjQzNWM4OWFiMzdiMWU2NDljIiwiaWF0IjoxNzU2MzY2MjgxLCJqdGkiOiI4ZTNiMmJhMy00NzdhLTRhY2MtODYyOS03YWQxYmQwOGYxNmQifQ.hlRe08BdBRLy-SvsMyBMltubw6LQAs0_2piAj0qMOnk\" ><\/script> <\/div>\t\t\t\t<\/div>\n\t\t\t\t<\/div>\n\t\t\t\t\t<\/div>\n\t\t\t\t<\/div>\n\t\t\t\t<\/div>","protected":false},"excerpt":{"rendered":"<p>Karriere Damit auch in Zukunft der Strom flie\u00dft suchen wir DICH! Entwicklung und Vorantreiben von effizienten Technologien f\u00fcr die Nutzung von erneuerbaren und traditionellen Energien &#8211; daf\u00fcr steht die Westhaus Energietechnik GmbH in Dresden. Unsere St\u00e4rke ist die schnelle, effiziente und professionelle Durchf\u00fchrung von\u00a0komplexen Energieprojekten.\u00a0 Sichere dir einen Job in einer zukunftssicheren Branche und werde [&hellip;]<\/p>\n","protected":false},"author":1,"featured_media":0,"parent":0,"menu_order":0,"comment_status":"closed","ping_status":"closed","template":"","meta":{"footnotes":""},"class_list":["post-1231","page","type-page","status-publish","hentry"],"yoast_head":"<!-- This site is optimized with the Yoast SEO plugin v27.4 - https:\/\/yoast.com\/product\/yoast-seo-wordpress\/ -->\n<title>Karriere - Westhaus Energietechnik GmbH<\/title>\n<meta name=\"description\" content=\"Damit auch in Zukunft der Strom flie\u00dft suchen wir DICH! Sichere dir einen Job in einer zukunftssicheren Branche und werde ein wichtiger Teil unseres Teams.\" \/>\n<meta name=\"robots\" content=\"index, follow, max-snippet:-1, max-image-preview:large, max-video-preview:-1\" \/>\n<link rel=\"canonical\" href=\"https:\/\/wh.de\/en\/career\/\" \/>\n<script type=\"application\/ld+json\" class=\"yoast-schema-graph\">{\"@context\":\"https:\\\/\\\/schema.org\",\"@graph\":[{\"@type\":\"WebPage\",\"@id\":\"https:\\\/\\\/wh.de\\\/jobs\\\/\",\"url\":\"https:\\\/\\\/wh.de\\\/jobs\\\/\",\"name\":\"Karriere - Westhaus Energietechnik GmbH\",\"isPartOf\":{\"@id\":\"https:\\\/\\\/wh.de\\\/#website\"},\"primaryImageOfPage\":{\"@id\":\"https:\\\/\\\/wh.de\\\/jobs\\\/#primaryimage\"},\"image\":{\"@id\":\"https:\\\/\\\/wh.de\\\/jobs\\\/#primaryimage\"},\"thumbnailUrl\":\"https:\\\/\\\/wh.de\\\/wp-content\\\/uploads\\\/2026\\\/01\\\/teamfoto-karriere-01.jpg\",\"datePublished\":\"2025-04-17T15:49:15+00:00\",\"dateModified\":\"2026-01-21T13:51:05+00:00\",\"description\":\"Damit auch in Zukunft der Strom flie\u00dft suchen wir DICH! Sichere dir einen Job in einer zukunftssicheren Branche und werde ein wichtiger Teil unseres Teams.\",\"breadcrumb\":{\"@id\":\"https:\\\/\\\/wh.de\\\/jobs\\\/#breadcrumb\"},\"inLanguage\":\"en-GB\",\"potentialAction\":[{\"@type\":\"ReadAction\",\"target\":[\"https:\\\/\\\/wh.de\\\/jobs\\\/\"]}]},{\"@type\":\"ImageObject\",\"inLanguage\":\"en-GB\",\"@id\":\"https:\\\/\\\/wh.de\\\/jobs\\\/#primaryimage\",\"url\":\"https:\\\/\\\/wh.de\\\/wp-content\\\/uploads\\\/2026\\\/01\\\/teamfoto-karriere-01.jpg\",\"contentUrl\":\"https:\\\/\\\/wh.de\\\/wp-content\\\/uploads\\\/2026\\\/01\\\/teamfoto-karriere-01.jpg\"},{\"@type\":\"BreadcrumbList\",\"@id\":\"https:\\\/\\\/wh.de\\\/jobs\\\/#breadcrumb\",\"itemListElement\":[{\"@type\":\"ListItem\",\"position\":1,\"name\":\"Startseite\",\"item\":\"https:\\\/\\\/wh.de\\\/\"},{\"@type\":\"ListItem\",\"position\":2,\"name\":\"Karriere\"}]},{\"@type\":\"WebSite\",\"@id\":\"https:\\\/\\\/wh.de\\\/#website\",\"url\":\"https:\\\/\\\/wh.de\\\/\",\"name\":\"Westhaus Energietechnik GmbH\",\"description\":\"Stromversorgungs- und Schaltanlagenbau\",\"publisher\":{\"@id\":\"https:\\\/\\\/wh.de\\\/#organization\"},\"potentialAction\":[{\"@type\":\"SearchAction\",\"target\":{\"@type\":\"EntryPoint\",\"urlTemplate\":\"https:\\\/\\\/wh.de\\\/?s={search_term_string}\"},\"query-input\":{\"@type\":\"PropertyValueSpecification\",\"valueRequired\":true,\"valueName\":\"search_term_string\"}}],\"inLanguage\":\"en-GB\"},{\"@type\":\"Organization\",\"@id\":\"https:\\\/\\\/wh.de\\\/#organization\",\"name\":\"Westhaus Energietechnik GmbH\",\"url\":\"https:\\\/\\\/wh.de\\\/\",\"logo\":{\"@type\":\"ImageObject\",\"inLanguage\":\"en-GB\",\"@id\":\"https:\\\/\\\/wh.de\\\/#\\\/schema\\\/logo\\\/image\\\/\",\"url\":\"https:\\\/\\\/wh.de\\\/wp-content\\\/uploads\\\/2020\\\/12\\\/WHDE-logo.png\",\"contentUrl\":\"https:\\\/\\\/wh.de\\\/wp-content\\\/uploads\\\/2020\\\/12\\\/WHDE-logo.png\",\"width\":45,\"height\":45,\"caption\":\"Westhaus Energietechnik GmbH\"},\"image\":{\"@id\":\"https:\\\/\\\/wh.de\\\/#\\\/schema\\\/logo\\\/image\\\/\"}}]}<\/script>\n<!-- \/ Yoast SEO plugin. -->","yoast_head_json":{"title":"Career - Westhaus Energietechnik GmbH","description":"We are looking for YOU to keep the electricity flowing in the future! Secure a job in a future-proof industry and become an important part of our team.","robots":{"index":"index","follow":"follow","max-snippet":"max-snippet:-1","max-image-preview":"max-image-preview:large","max-video-preview":"max-video-preview:-1"},"canonical":"https:\/\/wh.de\/en\/career\/","schema":{"@context":"https:\/\/schema.org","@graph":[{"@type":"WebPage","@id":"https:\/\/wh.de\/jobs\/","url":"https:\/\/wh.de\/jobs\/","name":"Career - Westhaus Energietechnik GmbH","isPartOf":{"@id":"https:\/\/wh.de\/#website"},"primaryImageOfPage":{"@id":"https:\/\/wh.de\/jobs\/#primaryimage"},"image":{"@id":"https:\/\/wh.de\/jobs\/#primaryimage"},"thumbnailUrl":"https:\/\/wh.de\/wp-content\/uploads\/2026\/01\/teamfoto-karriere-01.jpg","datePublished":"2025-04-17T15:49:15+00:00","dateModified":"2026-01-21T13:51:05+00:00","description":"We are looking for YOU to keep the electricity flowing in the future! Secure a job in a future-proof industry and become an important part of our team.","breadcrumb":{"@id":"https:\/\/wh.de\/jobs\/#breadcrumb"},"inLanguage":"en-GB","potentialAction":[{"@type":"ReadAction","target":["https:\/\/wh.de\/jobs\/"]}]},{"@type":"ImageObject","inLanguage":"en-GB","@id":"https:\/\/wh.de\/jobs\/#primaryimage","url":"https:\/\/wh.de\/wp-content\/uploads\/2026\/01\/teamfoto-karriere-01.jpg","contentUrl":"https:\/\/wh.de\/wp-content\/uploads\/2026\/01\/teamfoto-karriere-01.jpg"},{"@type":"BreadcrumbList","@id":"https:\/\/wh.de\/jobs\/#breadcrumb","itemListElement":[{"@type":"ListItem","position":1,"name":"Startseite","item":"https:\/\/wh.de\/"},{"@type":"ListItem","position":2,"name":"Karriere"}]},{"@type":"WebSite","@id":"https:\/\/wh.de\/#website","url":"https:\/\/wh.de\/","name":"Westhaus Energietechnik GmbH","description":"Power supply and switchgear construction","publisher":{"@id":"https:\/\/wh.de\/#organization"},"potentialAction":[{"@type":"SearchAction","target":{"@type":"EntryPoint","urlTemplate":"https:\/\/wh.de\/?s={search_term_string}"},"query-input":{"@type":"PropertyValueSpecification","valueRequired":true,"valueName":"search_term_string"}}],"inLanguage":"en-GB"},{"@type":"Organization","@id":"https:\/\/wh.de\/#organization","name":"Westhaus Energietechnik GmbH","url":"https:\/\/wh.de\/","logo":{"@type":"ImageObject","inLanguage":"en-GB","@id":"https:\/\/wh.de\/#\/schema\/logo\/image\/","url":"https:\/\/wh.de\/wp-content\/uploads\/2020\/12\/WHDE-logo.png","contentUrl":"https:\/\/wh.de\/wp-content\/uploads\/2020\/12\/WHDE-logo.png","width":45,"height":45,"caption":"Westhaus Energietechnik GmbH"},"image":{"@id":"https:\/\/wh.de\/#\/schema\/logo\/image\/"}}]}},"_links":{"self":[{"href":"https:\/\/wh.de\/en\/wp-json\/wp\/v2\/pages\/1231","targetHints":{"allow":["GET"]}}],"collection":[{"href":"https:\/\/wh.de\/en\/wp-json\/wp\/v2\/pages"}],"about":[{"href":"https:\/\/wh.de\/en\/wp-json\/wp\/v2\/types\/page"}],"author":[{"embeddable":true,"href":"https:\/\/wh.de\/en\/wp-json\/wp\/v2\/users\/1"}],"replies":[{"embeddable":true,"href":"https:\/\/wh.de\/en\/wp-json\/wp\/v2\/comments?post=1231"}],"version-history":[{"count":48,"href":"https:\/\/wh.de\/en\/wp-json\/wp\/v2\/pages\/1231\/revisions"}],"predecessor-version":[{"id":2126,"href":"https:\/\/wh.de\/en\/wp-json\/wp\/v2\/pages\/1231\/revisions\/2126"}],"wp:attachment":[{"href":"https:\/\/wh.de\/en\/wp-json\/wp\/v2\/media?parent=1231"}],"curies":[{"name":"wp","href":"https:\/\/api.w.org\/{rel}","templated":true}]}}