{"id":1296,"date":"2025-04-20T15:05:10","date_gmt":"2025-04-20T13:05:10","guid":{"rendered":"https:\/\/neu.wh.de\/?page_id=1296"},"modified":"2025-10-07T17:33:54","modified_gmt":"2025-10-07T15:33:54","slug":"legal-notice","status":"publish","type":"page","link":"https:\/\/wh.de\/en\/impressum\/","title":{"rendered":"Legal Notice"},"content":{"rendered":"<div data-elementor-type=\"wp-page\" data-elementor-id=\"1296\" class=\"elementor elementor-1296\" data-elementor-post-type=\"page\">\n\t\t\t\t<div class=\"elementor-element elementor-element-9073db8 e-flex e-con-boxed e-con e-parent\" data-id=\"9073db8\" data-element_type=\"container\" data-e-type=\"container\" data-settings=\"{&quot;_ha_eqh_enable&quot;:false}\">\n\t\t\t\t\t<div class=\"e-con-inner\">\n\t\t\t\t<div class=\"elementor-element elementor-element-aeafb54 elementor-widget elementor-widget-spacer\" data-id=\"aeafb54\" data-element_type=\"widget\" data-e-type=\"widget\" data-widget_type=\"spacer.default\">\n\t\t\t\t<div class=\"elementor-widget-container\">\n\t\t\t\t\t\t\t<div class=\"elementor-spacer\">\n\t\t\t<div class=\"elementor-spacer-inner\"><\/div>\n\t\t<\/div>\n\t\t\t\t\t\t<\/div>\n\t\t\t\t<\/div>\n\t\t\t\t\t<\/div>\n\t\t\t\t<\/div>\n\t\t<div class=\"elementor-element elementor-element-5dad8308 e-flex e-con-boxed e-con e-parent\" data-id=\"5dad8308\" data-element_type=\"container\" data-e-type=\"container\" data-settings=\"{&quot;_ha_eqh_enable&quot;:false}\">\n\t\t\t\t\t<div class=\"e-con-inner\">\n\t\t\t\t<div class=\"elementor-element elementor-element-706fc65a elementor-widget elementor-widget-heading\" data-id=\"706fc65a\" data-element_type=\"widget\" data-e-type=\"widget\" data-widget_type=\"heading.default\">\n\t\t\t\t<div class=\"elementor-widget-container\">\n\t\t\t\t\t<h1 class=\"elementor-heading-title elementor-size-default\">Legal Notice<\/h1>\t\t\t\t<\/div>\n\t\t\t\t<\/div>\n\t\t\t\t\t<\/div>\n\t\t\t\t<\/div>\n\t\t<div class=\"elementor-element elementor-element-f26f904 e-flex e-con-boxed e-con e-parent\" data-id=\"f26f904\" data-element_type=\"container\" data-e-type=\"container\" data-settings=\"{&quot;_ha_eqh_enable&quot;:false}\">\n\t\t\t\t\t<div class=\"e-con-inner\">\n\t\t\t\t<div class=\"elementor-element elementor-element-1c1f2ae elementor-widget elementor-widget-text-editor\" data-id=\"1c1f2ae\" data-element_type=\"widget\" data-e-type=\"widget\" data-widget_type=\"text-editor.default\">\n\t\t\t\t<div class=\"elementor-widget-container\">\n\t\t\t\t\t\t\t\t\t<p>Information according to \u00a75 DDG:<\/p><p>Westhaus Energietechnik GmbH<br \/>Hermann-Mende-Strasse 5-7<br \/>01099 Dresden<\/p><p>Represented by:<br \/>Falco Riemer, Managing Director<\/p><p>Contact:<br \/>Phone: +49 351 20920 100<br \/>Fax:\t+49 351 20920 112<br \/>e-mail: <a href=\"javascript:secureDecryptAndNavigate('VYLaLiqJAs4FYji1KMROgWebKYDl44tSQzzRyoBR21XA7it6VTCGaZ4B51ls\/7nxtjP4wERg1IPp1rqHrLQ2idg=', '09f3debb340482efa8b8774971847201457951a3043f02f12b73bcf4e3945869')\">info@wh.de<\/a><\/p><p>Registry entry:<br \/>Entry in the Commercial Register<br \/>Registry Court: Local Court Dresden<br \/>Registration number: HRB 27319<\/p><p>VAT ID No. in terms of \u00a727a of the Value Added Tax Act:<br \/>DE264953308<\/p><p>We are not willing or obliged to participate in dispute resolution proceedings before a consumer arbitration body.<\/p><p>Westhaus Energietechnik GmbH receives innovation support from the European Fund for Regional Development.<br \/><img loading=\"lazy\" decoding=\"async\" class=\"alignnone size-full wp-image-1309\" src=\"https:\/\/wh.de\/wp-content\/uploads\/2025\/04\/efre.jpg\" alt=\"\" width=\"295\" height=\"80\" srcset=\"https:\/\/wh.de\/wp-content\/uploads\/2025\/04\/efre.jpg 295w, https:\/\/wh.de\/wp-content\/uploads\/2025\/04\/efre-18x5.jpg 18w\" sizes=\"auto, (max-width: 295px) 100vw, 295px\" \/><\/p><p>Design, programming, support: <a href=\"https:\/\/creadorado.de\/\" target=\"_blank\" rel=\"noopener\">creadorado - your digital base. We build. You grow.<\/a><\/p><p><strong>Liability for links<\/strong><br \/>Our website contains links to external websites of third parties over whose contents we have no influence. Therefore, we cannot assume any liability for this external content. The respective provider or operator of the pages is always responsible for the contents of the linked pages. The linked pages were checked for possible legal infringements at the time of linking. Illegal content was not recognisable at the time of linking.<\/p><p>However, permanent monitoring of the content of the linked pages is unreasonable without concrete evidence of a violation of the law. If we become aware of any infringements, we will remove such links immediately.<\/p><p><strong>Copyright<\/strong><br \/>The contents and works created by the site operators on these pages are subject to German copyright law. Duplication, editing, distribution and any kind of use outside the limits of copyright law require the written consent of the respective author or creator. Downloads and copies of this site are only permitted for private, non-commercial use.<\/p><p>As far as the contents on this site was not created by the operator, the copyrights of third parties are respected. In particular, the contents of third parties is marked as such. Should you nevertheless become aware of a copyright infringement, please inform us accordingly. As soon as we become aware of any such infringements, we will remove such content immediately.<\/p><p><em>Source reference: e-recht24.de<\/em><\/p>\t\t\t\t\t\t\t\t<\/div>\n\t\t\t\t<\/div>\n\t\t\t\t\t<\/div>\n\t\t\t\t<\/div>\n\t\t<div class=\"elementor-element elementor-element-0cc930a e-flex e-con-boxed e-con e-parent\" data-id=\"0cc930a\" data-element_type=\"container\" data-e-type=\"container\" data-settings=\"{&quot;_ha_eqh_enable&quot;:false}\">\n\t\t\t\t\t<div class=\"e-con-inner\">\n\t\t\t\t<div class=\"elementor-element elementor-element-1075a09 elementor-widget elementor-widget-spacer\" data-id=\"1075a09\" data-element_type=\"widget\" data-e-type=\"widget\" data-widget_type=\"spacer.default\">\n\t\t\t\t<div class=\"elementor-widget-container\">\n\t\t\t\t\t\t\t<div class=\"elementor-spacer\">\n\t\t\t<div class=\"elementor-spacer-inner\"><\/div>\n\t\t<\/div>\n\t\t\t\t\t\t<\/div>\n\t\t\t\t<\/div>\n\t\t\t\t\t<\/div>\n\t\t\t\t<\/div>\n\t\t\t\t<\/div>","protected":false},"excerpt":{"rendered":"<p>Impressum Angaben gem\u00e4\u00df \u00a75 DDG: Westhaus Energietechnik GmbHHermann-Mende-Stra\u00dfe 5-701099 Dresden Vertreten durch:Falco Riemer, Gesch\u00e4ftsf\u00fchrer Kontakt:Telefon: +49 351 20920 100Telefax: +49 351 20920 112E-Mail: &#105;n&#102;&#111;&#64;w&#104;.&#100;&#101; Registereintrag:Eintragung im HandelsregisterRegistergericht: Amtsgericht DresdenRegisternummer: HRB 27319 Umsatzsteuer- Identifikationsnummer gem\u00e4\u00df\u00a727 a Umsatzsteuergesetz:DE264953308 Wir sind nicht bereit oder verpflichtet, an Streitbeilegungsverfahren vor einer Verbraucherschlichtungsstelle teilzunehmen. Die Firma Westhaus Energietechnik GmbH erh\u00e4lt Innovationsf\u00f6rderung [&hellip;]<\/p>\n","protected":false},"author":1,"featured_media":0,"parent":0,"menu_order":0,"comment_status":"closed","ping_status":"closed","template":"","meta":{"footnotes":""},"class_list":["post-1296","page","type-page","status-publish","hentry"],"yoast_head":"<!-- This site is optimized with the Yoast SEO plugin v27.4 - https:\/\/yoast.com\/product\/yoast-seo-wordpress\/ -->\n<title>Impressum - Westhaus Energietechnik GmbH<\/title>\n<meta name=\"description\" content=\"Angaben gem\u00e4\u00df\u00a7 5 TMG\" \/>\n<meta name=\"robots\" content=\"noindex, nofollow\" \/>\n<script type=\"application\/ld+json\" class=\"yoast-schema-graph\">{\"@context\":\"https:\\\/\\\/schema.org\",\"@graph\":[{\"@type\":\"WebPage\",\"@id\":\"https:\\\/\\\/wh.de\\\/impressum\\\/\",\"url\":\"https:\\\/\\\/wh.de\\\/impressum\\\/\",\"name\":\"Impressum - Westhaus Energietechnik GmbH\",\"isPartOf\":{\"@id\":\"https:\\\/\\\/wh.de\\\/#website\"},\"primaryImageOfPage\":{\"@id\":\"https:\\\/\\\/wh.de\\\/impressum\\\/#primaryimage\"},\"image\":{\"@id\":\"https:\\\/\\\/wh.de\\\/impressum\\\/#primaryimage\"},\"thumbnailUrl\":\"https:\\\/\\\/wh.de\\\/wp-content\\\/uploads\\\/2025\\\/04\\\/efre.jpg\",\"datePublished\":\"2025-04-20T13:05:10+00:00\",\"dateModified\":\"2025-10-07T15:33:54+00:00\",\"description\":\"Angaben gem\u00e4\u00df\u00a7 5 TMG\",\"breadcrumb\":{\"@id\":\"https:\\\/\\\/wh.de\\\/impressum\\\/#breadcrumb\"},\"inLanguage\":\"en-GB\",\"potentialAction\":[{\"@type\":\"ReadAction\",\"target\":[\"https:\\\/\\\/wh.de\\\/impressum\\\/\"]}]},{\"@type\":\"ImageObject\",\"inLanguage\":\"en-GB\",\"@id\":\"https:\\\/\\\/wh.de\\\/impressum\\\/#primaryimage\",\"url\":\"https:\\\/\\\/wh.de\\\/wp-content\\\/uploads\\\/2025\\\/04\\\/efre.jpg\",\"contentUrl\":\"https:\\\/\\\/wh.de\\\/wp-content\\\/uploads\\\/2025\\\/04\\\/efre.jpg\"},{\"@type\":\"BreadcrumbList\",\"@id\":\"https:\\\/\\\/wh.de\\\/impressum\\\/#breadcrumb\",\"itemListElement\":[{\"@type\":\"ListItem\",\"position\":1,\"name\":\"Startseite\",\"item\":\"https:\\\/\\\/wh.de\\\/\"},{\"@type\":\"ListItem\",\"position\":2,\"name\":\"Impressum\"}]},{\"@type\":\"WebSite\",\"@id\":\"https:\\\/\\\/wh.de\\\/#website\",\"url\":\"https:\\\/\\\/wh.de\\\/\",\"name\":\"Westhaus Energietechnik GmbH\",\"description\":\"Stromversorgungs- und Schaltanlagenbau\",\"publisher\":{\"@id\":\"https:\\\/\\\/wh.de\\\/#organization\"},\"potentialAction\":[{\"@type\":\"SearchAction\",\"target\":{\"@type\":\"EntryPoint\",\"urlTemplate\":\"https:\\\/\\\/wh.de\\\/?s={search_term_string}\"},\"query-input\":{\"@type\":\"PropertyValueSpecification\",\"valueRequired\":true,\"valueName\":\"search_term_string\"}}],\"inLanguage\":\"en-GB\"},{\"@type\":\"Organization\",\"@id\":\"https:\\\/\\\/wh.de\\\/#organization\",\"name\":\"Westhaus Energietechnik GmbH\",\"url\":\"https:\\\/\\\/wh.de\\\/\",\"logo\":{\"@type\":\"ImageObject\",\"inLanguage\":\"en-GB\",\"@id\":\"https:\\\/\\\/wh.de\\\/#\\\/schema\\\/logo\\\/image\\\/\",\"url\":\"https:\\\/\\\/wh.de\\\/wp-content\\\/uploads\\\/2020\\\/12\\\/WHDE-logo.png\",\"contentUrl\":\"https:\\\/\\\/wh.de\\\/wp-content\\\/uploads\\\/2020\\\/12\\\/WHDE-logo.png\",\"width\":45,\"height\":45,\"caption\":\"Westhaus Energietechnik GmbH\"},\"image\":{\"@id\":\"https:\\\/\\\/wh.de\\\/#\\\/schema\\\/logo\\\/image\\\/\"}}]}<\/script>\n<!-- \/ Yoast SEO plugin. -->","yoast_head_json":{"title":"Imprint - Westhaus Energietechnik GmbH","description":"Information according to \u00a7 5 TMG","robots":{"index":"noindex","follow":"nofollow"},"schema":{"@context":"https:\/\/schema.org","@graph":[{"@type":"WebPage","@id":"https:\/\/wh.de\/impressum\/","url":"https:\/\/wh.de\/impressum\/","name":"Imprint - Westhaus Energietechnik GmbH","isPartOf":{"@id":"https:\/\/wh.de\/#website"},"primaryImageOfPage":{"@id":"https:\/\/wh.de\/impressum\/#primaryimage"},"image":{"@id":"https:\/\/wh.de\/impressum\/#primaryimage"},"thumbnailUrl":"https:\/\/wh.de\/wp-content\/uploads\/2025\/04\/efre.jpg","datePublished":"2025-04-20T13:05:10+00:00","dateModified":"2025-10-07T15:33:54+00:00","description":"Information according to \u00a7 5 TMG","breadcrumb":{"@id":"https:\/\/wh.de\/impressum\/#breadcrumb"},"inLanguage":"en-GB","potentialAction":[{"@type":"ReadAction","target":["https:\/\/wh.de\/impressum\/"]}]},{"@type":"ImageObject","inLanguage":"en-GB","@id":"https:\/\/wh.de\/impressum\/#primaryimage","url":"https:\/\/wh.de\/wp-content\/uploads\/2025\/04\/efre.jpg","contentUrl":"https:\/\/wh.de\/wp-content\/uploads\/2025\/04\/efre.jpg"},{"@type":"BreadcrumbList","@id":"https:\/\/wh.de\/impressum\/#breadcrumb","itemListElement":[{"@type":"ListItem","position":1,"name":"Startseite","item":"https:\/\/wh.de\/"},{"@type":"ListItem","position":2,"name":"Impressum"}]},{"@type":"WebSite","@id":"https:\/\/wh.de\/#website","url":"https:\/\/wh.de\/","name":"Westhaus Energietechnik GmbH","description":"Power supply and switchgear construction","publisher":{"@id":"https:\/\/wh.de\/#organization"},"potentialAction":[{"@type":"SearchAction","target":{"@type":"EntryPoint","urlTemplate":"https:\/\/wh.de\/?s={search_term_string}"},"query-input":{"@type":"PropertyValueSpecification","valueRequired":true,"valueName":"search_term_string"}}],"inLanguage":"en-GB"},{"@type":"Organization","@id":"https:\/\/wh.de\/#organization","name":"Westhaus Energietechnik GmbH","url":"https:\/\/wh.de\/","logo":{"@type":"ImageObject","inLanguage":"en-GB","@id":"https:\/\/wh.de\/#\/schema\/logo\/image\/","url":"https:\/\/wh.de\/wp-content\/uploads\/2020\/12\/WHDE-logo.png","contentUrl":"https:\/\/wh.de\/wp-content\/uploads\/2020\/12\/WHDE-logo.png","width":45,"height":45,"caption":"Westhaus Energietechnik GmbH"},"image":{"@id":"https:\/\/wh.de\/#\/schema\/logo\/image\/"}}]}},"_links":{"self":[{"href":"https:\/\/wh.de\/en\/wp-json\/wp\/v2\/pages\/1296","targetHints":{"allow":["GET"]}}],"collection":[{"href":"https:\/\/wh.de\/en\/wp-json\/wp\/v2\/pages"}],"about":[{"href":"https:\/\/wh.de\/en\/wp-json\/wp\/v2\/types\/page"}],"author":[{"embeddable":true,"href":"https:\/\/wh.de\/en\/wp-json\/wp\/v2\/users\/1"}],"replies":[{"embeddable":true,"href":"https:\/\/wh.de\/en\/wp-json\/wp\/v2\/comments?post=1296"}],"version-history":[{"count":24,"href":"https:\/\/wh.de\/en\/wp-json\/wp\/v2\/pages\/1296\/revisions"}],"predecessor-version":[{"id":2107,"href":"https:\/\/wh.de\/en\/wp-json\/wp\/v2\/pages\/1296\/revisions\/2107"}],"wp:attachment":[{"href":"https:\/\/wh.de\/en\/wp-json\/wp\/v2\/media?parent=1296"}],"curies":[{"name":"wp","href":"https:\/\/api.w.org\/{rel}","templated":true}]}}