{"id":1360,"date":"2025-04-24T14:56:32","date_gmt":"2025-04-24T12:56:32","guid":{"rendered":"https:\/\/neu.wh.de\/?page_id=1360"},"modified":"2025-07-22T14:42:37","modified_gmt":"2025-07-22T12:42:37","slug":"our-performance","status":"publish","type":"page","link":"https:\/\/wh.de\/en\/leistungen\/","title":{"rendered":"Our performance"},"content":{"rendered":"\t\t<div data-elementor-type=\"wp-page\" data-elementor-id=\"1360\" class=\"elementor elementor-1360\" data-elementor-post-type=\"page\">\n\t\t\t\t<div class=\"elementor-element elementor-element-68dcfa7 e-flex e-con-boxed e-con e-parent\" data-id=\"68dcfa7\" data-element_type=\"container\" data-e-type=\"container\" data-settings=\"{&quot;_ha_eqh_enable&quot;:false}\">\n\t\t\t\t\t<div class=\"e-con-inner\">\n\t\t\t\t<div class=\"elementor-element elementor-element-f1b1dd7 elementor-widget elementor-widget-spacer\" data-id=\"f1b1dd7\" data-element_type=\"widget\" data-e-type=\"widget\" data-widget_type=\"spacer.default\">\n\t\t\t\t<div class=\"elementor-widget-container\">\n\t\t\t\t\t\t\t<div class=\"elementor-spacer\">\n\t\t\t<div class=\"elementor-spacer-inner\"><\/div>\n\t\t<\/div>\n\t\t\t\t\t\t<\/div>\n\t\t\t\t<\/div>\n\t\t\t\t\t<\/div>\n\t\t\t\t<\/div>\n\t\t<div class=\"elementor-element elementor-element-5d928b07 e-flex e-con-boxed e-con e-parent\" data-id=\"5d928b07\" data-element_type=\"container\" data-e-type=\"container\" data-settings=\"{&quot;_ha_eqh_enable&quot;:false}\">\n\t\t\t\t\t<div class=\"e-con-inner\">\n\t\t\t\t<div class=\"elementor-element elementor-element-21665c0d elementor-widget elementor-widget-heading\" data-id=\"21665c0d\" data-element_type=\"widget\" data-e-type=\"widget\" data-widget_type=\"heading.default\">\n\t\t\t\t<div class=\"elementor-widget-container\">\n\t\t\t\t\t<h1 class=\"elementor-heading-title elementor-size-default\">Leistungen<\/h1>\t\t\t\t<\/div>\n\t\t\t\t<\/div>\n\t\t\t\t\t<\/div>\n\t\t\t\t<\/div>\n\t\t<div class=\"elementor-element elementor-element-e60d7cb e-flex e-con-boxed e-con e-parent\" data-id=\"e60d7cb\" data-element_type=\"container\" data-e-type=\"container\" data-settings=\"{&quot;_ha_eqh_enable&quot;:false}\">\n\t\t\t\t\t<div class=\"e-con-inner\">\n\t\t\t\t<div class=\"elementor-element elementor-element-b87c8d5 elementor-widget elementor-widget-text-editor\" data-id=\"b87c8d5\" data-element_type=\"widget\" data-e-type=\"widget\" data-widget_type=\"text-editor.default\">\n\t\t\t\t<div class=\"elementor-widget-container\">\n\t\t\t\t\t\t\t\t\t<p>Unser Service reicht von der Beratung \u00fcber die Kalkulation und Planung bis zur fertigen Anlage. Materiallieferung, Transport der fertigen Schaltanlage und die Montage liegen selbstverst\u00e4ndlich in unserer Hand. F\u00fcr die weitere Betreuung von Anlagen aus unserer Produktion arbeiten wir Wartungs- und Servicepl\u00e4ne mit Ihnen aus. Reparatur, Instandsetzung und Batterieservice sowie umfangreiche Kundenschulungen \u00fcbernimmt selbstverst\u00e4ndlich unser Serviceteam.<\/p><p>Ma\u00dfgeschneiderte Anlagen aus unserem Haus verstehen wir selbst am besten! Unsere Betreuung erstreckt sich \u00fcber die gesamte Betriebszeit Ihrer Anlage. Alles aus einer Hand.<\/p>\t\t\t\t\t\t\t\t<\/div>\n\t\t\t\t<\/div>\n\t\t\t\t\t<\/div>\n\t\t\t\t<\/div>\n\t\t<div class=\"elementor-element elementor-element-2a066d0 e-flex e-con-boxed e-con e-parent\" data-id=\"2a066d0\" data-element_type=\"container\" data-e-type=\"container\" data-settings=\"{&quot;_ha_eqh_enable&quot;:&quot;yes&quot;,&quot;_ha_eqh_widget&quot;:[&quot;image&quot;,&quot;text-editor&quot;,&quot;button&quot;],&quot;_ha_eqh_to&quot;:&quot;widget&quot;,&quot;_ha_eqh_disable_on_mobile&quot;:&quot;yes&quot;}\">\n\t\t\t\t\t<div class=\"e-con-inner\">\n\t\t<div class=\"elementor-element elementor-element-b618800 e-con-full e-flex e-con e-child\" data-id=\"b618800\" data-element_type=\"container\" data-e-type=\"container\" data-settings=\"{&quot;_ha_eqh_enable&quot;:false}\">\n\t\t\t\t<div class=\"elementor-element elementor-element-453d13b elementor-widget elementor-widget-image\" data-id=\"453d13b\" data-element_type=\"widget\" data-e-type=\"widget\" data-widget_type=\"image.default\">\n\t\t\t\t<div class=\"elementor-widget-container\">\n\t\t\t\t\t\t\t\t\t\t\t\t\t\t\t<img loading=\"lazy\" decoding=\"async\" width=\"800\" height=\"464\" src=\"https:\/\/wh.de\/wp-content\/uploads\/2025\/04\/planung-header-1024x594.jpg\" class=\"attachment-large size-large wp-image-1406\" alt=\"Planung und Projektierung\" srcset=\"https:\/\/wh.de\/wp-content\/uploads\/2025\/04\/planung-header-1024x594.jpg 1024w, https:\/\/wh.de\/wp-content\/uploads\/2025\/04\/planung-header-300x174.jpg 300w, https:\/\/wh.de\/wp-content\/uploads\/2025\/04\/planung-header-768x446.jpg 768w, https:\/\/wh.de\/wp-content\/uploads\/2025\/04\/planung-header-18x10.jpg 18w, https:\/\/wh.de\/wp-content\/uploads\/2025\/04\/planung-header.jpg 1139w\" sizes=\"auto, (max-width: 800px) 100vw, 800px\" \/>\t\t\t\t\t\t\t\t\t\t\t\t\t\t\t<\/div>\n\t\t\t\t<\/div>\n\t\t\t\t<\/div>\n\t\t<div class=\"elementor-element elementor-element-20c107a e-con-full e-flex e-con e-child\" data-id=\"20c107a\" data-element_type=\"container\" data-e-type=\"container\" data-settings=\"{&quot;background_background&quot;:&quot;classic&quot;}\">\n\t\t\t\t<div class=\"elementor-element elementor-element-4fe4fa9 elementor-widget elementor-widget-text-editor\" data-id=\"4fe4fa9\" data-element_type=\"widget\" data-e-type=\"widget\" data-widget_type=\"text-editor.default\">\n\t\t\t\t<div class=\"elementor-widget-container\">\n\t\t\t\t\t\t\t\t\t<h2>Planung und Projektierung<\/h2><p>Bereits in der Planungsphase sichern wir die Wirtschaftlichkeit Ihrer Anlage. Unsere qualifizierten Mitarbeiter kalkulieren, entwickeln und programmieren Schaltanlagen von Niederspannung bis Hochspannung \u2013 auch f\u00fcr h\u00f6chste Lasten.<\/p><p>Durch fach\u00fcbergreifende Kompetenz und optimales Projektmanagement begleiten wir Sie von der Beratung bis zur Inbetriebnahme \u2013 pers\u00f6nlich und engagiert.<\/p><p>Unser Ziel: Ihre st\u00f6rungsfrei laufende Anlage, von Anfang an.<\/p>\t\t\t\t\t\t\t\t<\/div>\n\t\t\t\t<\/div>\n\t\t\t\t<\/div>\n\t\t\t\t\t<\/div>\n\t\t\t\t<\/div>\n\t\t<div class=\"elementor-element elementor-element-a44cfff e-flex e-con-boxed e-con e-parent\" data-id=\"a44cfff\" data-element_type=\"container\" data-e-type=\"container\" data-settings=\"{&quot;_ha_eqh_enable&quot;:&quot;yes&quot;,&quot;_ha_eqh_widget&quot;:[&quot;image&quot;,&quot;text-editor&quot;,&quot;button&quot;],&quot;_ha_eqh_to&quot;:&quot;widget&quot;,&quot;_ha_eqh_disable_on_mobile&quot;:&quot;yes&quot;}\">\n\t\t\t\t\t<div class=\"e-con-inner\">\n\t\t<div class=\"elementor-element elementor-element-fb35c82 e-con-full e-flex e-con e-child\" data-id=\"fb35c82\" data-element_type=\"container\" data-e-type=\"container\" data-settings=\"{&quot;_ha_eqh_enable&quot;:false}\">\n\t\t\t\t<div class=\"elementor-element elementor-element-ec59596 elementor-widget elementor-widget-image\" data-id=\"ec59596\" data-element_type=\"widget\" data-e-type=\"widget\" data-widget_type=\"image.default\">\n\t\t\t\t<div class=\"elementor-widget-container\">\n\t\t\t\t\t\t\t\t\t\t\t\t\t\t\t<img loading=\"lazy\" decoding=\"async\" width=\"800\" height=\"464\" src=\"https:\/\/wh.de\/wp-content\/uploads\/2025\/04\/montage-header-1-1024x594.jpg\" class=\"attachment-large size-large wp-image-1405\" alt=\"Montage \u2013 Inbetriebnahme \u2013 Wartung\" srcset=\"https:\/\/wh.de\/wp-content\/uploads\/2025\/04\/montage-header-1-1024x594.jpg 1024w, https:\/\/wh.de\/wp-content\/uploads\/2025\/04\/montage-header-1-300x174.jpg 300w, https:\/\/wh.de\/wp-content\/uploads\/2025\/04\/montage-header-1-768x446.jpg 768w, https:\/\/wh.de\/wp-content\/uploads\/2025\/04\/montage-header-1-18x10.jpg 18w, https:\/\/wh.de\/wp-content\/uploads\/2025\/04\/montage-header-1.jpg 1139w\" sizes=\"auto, (max-width: 800px) 100vw, 800px\" \/>\t\t\t\t\t\t\t\t\t\t\t\t\t\t\t<\/div>\n\t\t\t\t<\/div>\n\t\t\t\t<\/div>\n\t\t<div class=\"elementor-element elementor-element-5cdd829 e-con-full e-flex e-con e-child\" data-id=\"5cdd829\" data-element_type=\"container\" data-e-type=\"container\" data-settings=\"{&quot;background_background&quot;:&quot;classic&quot;}\">\n\t\t\t\t<div class=\"elementor-element elementor-element-82f0691 elementor-widget elementor-widget-text-editor\" data-id=\"82f0691\" data-element_type=\"widget\" data-e-type=\"widget\" data-widget_type=\"text-editor.default\">\n\t\t\t\t<div class=\"elementor-widget-container\">\n\t\t\t\t\t\t\t\t\t<h2>Montage &#8211; Inbetriebnahme &#8211; Wartung<\/h2><p>Von der Planung bis zur fertigen Schaltanlage erhalten Sie bei uns alles aus einer Hand. Unsere erfahrenen Elektromonteure, Techniker und Ingenieure arbeiten flexibel und kompetent.<\/p><p>Nach der Montage f\u00fchren wir funktionale Pr\u00fcfungen mit modernster Messtechnik durch. Unsere firmeneigene Serviceabteilung begleitet Ihre Anlage \u00fcber den gesamten Lebenszyklus, sorgt f\u00fcr schnelle Fehlerbehebung und maximale Zuverl\u00e4ssigkeit bei minimalen Ausfallzeiten.<\/p>\t\t\t\t\t\t\t\t<\/div>\n\t\t\t\t<\/div>\n\t\t\t\t<\/div>\n\t\t\t\t\t<\/div>\n\t\t\t\t<\/div>\n\t\t<div class=\"elementor-element elementor-element-647be22 e-flex e-con-boxed e-con e-parent\" data-id=\"647be22\" data-element_type=\"container\" data-e-type=\"container\" data-settings=\"{&quot;_ha_eqh_enable&quot;:&quot;yes&quot;,&quot;_ha_eqh_widget&quot;:[&quot;image&quot;,&quot;text-editor&quot;,&quot;button&quot;],&quot;_ha_eqh_to&quot;:&quot;widget&quot;,&quot;_ha_eqh_disable_on_mobile&quot;:&quot;yes&quot;}\">\n\t\t\t\t\t<div class=\"e-con-inner\">\n\t\t<div class=\"elementor-element elementor-element-6d625c0 e-con-full e-flex e-con e-child\" data-id=\"6d625c0\" data-element_type=\"container\" data-e-type=\"container\" data-settings=\"{&quot;_ha_eqh_enable&quot;:false}\">\n\t\t\t\t<div class=\"elementor-element elementor-element-1d5c702 elementor-widget elementor-widget-image\" data-id=\"1d5c702\" data-element_type=\"widget\" data-e-type=\"widget\" data-widget_type=\"image.default\">\n\t\t\t\t<div class=\"elementor-widget-container\">\n\t\t\t\t\t\t\t\t\t\t\t\t\t\t\t<img loading=\"lazy\" decoding=\"async\" width=\"678\" height=\"393\" src=\"https:\/\/wh.de\/wp-content\/uploads\/2025\/07\/weltweit.jpg\" class=\"attachment-large size-large wp-image-1738\" alt=\"Weltweit \u2013 Wirtschaftlich \u2013 \u00d6konomisch\" srcset=\"https:\/\/wh.de\/wp-content\/uploads\/2025\/07\/weltweit.jpg 678w, https:\/\/wh.de\/wp-content\/uploads\/2025\/07\/weltweit-300x174.jpg 300w, https:\/\/wh.de\/wp-content\/uploads\/2025\/07\/weltweit-18x10.jpg 18w\" sizes=\"auto, (max-width: 678px) 100vw, 678px\" \/>\t\t\t\t\t\t\t\t\t\t\t\t\t\t\t<\/div>\n\t\t\t\t<\/div>\n\t\t\t\t<\/div>\n\t\t<div class=\"elementor-element elementor-element-e45b532 e-con-full e-flex e-con e-child\" data-id=\"e45b532\" data-element_type=\"container\" data-e-type=\"container\" data-settings=\"{&quot;background_background&quot;:&quot;classic&quot;}\">\n\t\t\t\t<div class=\"elementor-element elementor-element-8c2296e elementor-widget elementor-widget-text-editor\" data-id=\"8c2296e\" data-element_type=\"widget\" data-e-type=\"widget\" data-widget_type=\"text-editor.default\">\n\t\t\t\t<div class=\"elementor-widget-container\">\n\t\t\t\t\t\t\t\t\t<h2>Weltweit &#8211; Wirtschaftlich &#8211; \u00d6konomisch<\/h2><p>Hunderte Westhaus-Anlagen sind weltweit im Einsatz \u2013 hochwertig, nachhaltig und ressourcenschonend. Statt Serienl\u00f6sungen bieten wir Beratung und ma\u00dfgeschneiderte Technik.<\/p><p>Wir garantieren Wirtschaftlichkeit, Qualit\u00e4t und Zuverl\u00e4ssigkeit \u2013 von Niederspannung bis komplexen Projekten.<\/p><p>Kundennah entwickeln wir L\u00f6sungen f\u00fcr Kraftwerke, USV, Gleichrichtermodule und Windparks. Planung, Konstruktion und Fertigung am Standort Dresden sorgen f\u00fcr kurze Wege und L\u00f6sungen aus einer Hand.<\/p>\t\t\t\t\t\t\t\t<\/div>\n\t\t\t\t<\/div>\n\t\t\t\t<\/div>\n\t\t\t\t\t<\/div>\n\t\t\t\t<\/div>\n\t\t<div class=\"elementor-element elementor-element-ac1a7c7 e-flex e-con-boxed e-con e-parent\" data-id=\"ac1a7c7\" data-element_type=\"container\" data-e-type=\"container\" data-settings=\"{&quot;_ha_eqh_enable&quot;:false}\">\n\t\t\t\t\t<div class=\"e-con-inner\">\n\t\t\t\t<div class=\"elementor-element elementor-element-386232f elementor-widget elementor-widget-spacer\" data-id=\"386232f\" data-element_type=\"widget\" data-e-type=\"widget\" data-widget_type=\"spacer.default\">\n\t\t\t\t<div class=\"elementor-widget-container\">\n\t\t\t\t\t\t\t<div class=\"elementor-spacer\">\n\t\t\t<div class=\"elementor-spacer-inner\"><\/div>\n\t\t<\/div>\n\t\t\t\t\t\t<\/div>\n\t\t\t\t<\/div>\n\t\t\t\t\t<\/div>\n\t\t\t\t<\/div>\n\t\t\t\t<\/div>\n\t\t","protected":false},"excerpt":{"rendered":"<p>Leistungen Unser Service reicht von der Beratung \u00fcber die Kalkulation und Planung bis zur fertigen Anlage. Materiallieferung, Transport der fertigen Schaltanlage und die Montage liegen selbstverst\u00e4ndlich in unserer Hand. F\u00fcr die weitere Betreuung von Anlagen aus unserer Produktion arbeiten wir Wartungs- und Servicepl\u00e4ne mit Ihnen aus. Reparatur, Instandsetzung und Batterieservice sowie umfangreiche Kundenschulungen \u00fcbernimmt selbstverst\u00e4ndlich [&hellip;]<\/p>\n","protected":false},"author":1,"featured_media":0,"parent":0,"menu_order":0,"comment_status":"closed","ping_status":"closed","template":"","meta":{"footnotes":""},"class_list":["post-1360","page","type-page","status-publish","hentry"],"yoast_head":"<!-- This site is optimized with the Yoast SEO plugin v27.4 - https:\/\/yoast.com\/product\/yoast-seo-wordpress\/ -->\n<title>Leistungen - Westhaus Energietechnik GmbH<\/title>\n<meta name=\"description\" content=\"Planung und Projektierung - Montage, Inbetriebnahme, Wartung - Weltweit, wirtschaftlich und \u00f6konomisch.\" \/>\n<meta name=\"robots\" content=\"index, follow, max-snippet:-1, max-image-preview:large, max-video-preview:-1\" \/>\n<link rel=\"canonical\" href=\"https:\/\/wh.de\/en\/our-performance\/\" \/>\n<script type=\"application\/ld+json\" class=\"yoast-schema-graph\">{\"@context\":\"https:\\\/\\\/schema.org\",\"@graph\":[{\"@type\":\"WebPage\",\"@id\":\"https:\\\/\\\/wh.de\\\/leistungen\\\/\",\"url\":\"https:\\\/\\\/wh.de\\\/leistungen\\\/\",\"name\":\"Leistungen - Westhaus Energietechnik GmbH\",\"isPartOf\":{\"@id\":\"https:\\\/\\\/wh.de\\\/#website\"},\"primaryImageOfPage\":{\"@id\":\"https:\\\/\\\/wh.de\\\/leistungen\\\/#primaryimage\"},\"image\":{\"@id\":\"https:\\\/\\\/wh.de\\\/leistungen\\\/#primaryimage\"},\"thumbnailUrl\":\"https:\\\/\\\/wh.de\\\/wp-content\\\/uploads\\\/2025\\\/04\\\/planung-header-1024x594.jpg\",\"datePublished\":\"2025-04-24T12:56:32+00:00\",\"dateModified\":\"2025-07-22T12:42:37+00:00\",\"description\":\"Planung und Projektierung - Montage, Inbetriebnahme, Wartung - Weltweit, wirtschaftlich und \u00f6konomisch.\",\"breadcrumb\":{\"@id\":\"https:\\\/\\\/wh.de\\\/leistungen\\\/#breadcrumb\"},\"inLanguage\":\"en-GB\",\"potentialAction\":[{\"@type\":\"ReadAction\",\"target\":[\"https:\\\/\\\/wh.de\\\/leistungen\\\/\"]}]},{\"@type\":\"ImageObject\",\"inLanguage\":\"en-GB\",\"@id\":\"https:\\\/\\\/wh.de\\\/leistungen\\\/#primaryimage\",\"url\":\"https:\\\/\\\/wh.de\\\/wp-content\\\/uploads\\\/2025\\\/04\\\/planung-header-1024x594.jpg\",\"contentUrl\":\"https:\\\/\\\/wh.de\\\/wp-content\\\/uploads\\\/2025\\\/04\\\/planung-header-1024x594.jpg\"},{\"@type\":\"BreadcrumbList\",\"@id\":\"https:\\\/\\\/wh.de\\\/leistungen\\\/#breadcrumb\",\"itemListElement\":[{\"@type\":\"ListItem\",\"position\":1,\"name\":\"Startseite\",\"item\":\"https:\\\/\\\/wh.de\\\/\"},{\"@type\":\"ListItem\",\"position\":2,\"name\":\"Leistungen\"}]},{\"@type\":\"WebSite\",\"@id\":\"https:\\\/\\\/wh.de\\\/#website\",\"url\":\"https:\\\/\\\/wh.de\\\/\",\"name\":\"Westhaus Energietechnik GmbH\",\"description\":\"Stromversorgungs- und Schaltanlagenbau\",\"publisher\":{\"@id\":\"https:\\\/\\\/wh.de\\\/#organization\"},\"potentialAction\":[{\"@type\":\"SearchAction\",\"target\":{\"@type\":\"EntryPoint\",\"urlTemplate\":\"https:\\\/\\\/wh.de\\\/?s={search_term_string}\"},\"query-input\":{\"@type\":\"PropertyValueSpecification\",\"valueRequired\":true,\"valueName\":\"search_term_string\"}}],\"inLanguage\":\"en-GB\"},{\"@type\":\"Organization\",\"@id\":\"https:\\\/\\\/wh.de\\\/#organization\",\"name\":\"Westhaus Energietechnik GmbH\",\"url\":\"https:\\\/\\\/wh.de\\\/\",\"logo\":{\"@type\":\"ImageObject\",\"inLanguage\":\"en-GB\",\"@id\":\"https:\\\/\\\/wh.de\\\/#\\\/schema\\\/logo\\\/image\\\/\",\"url\":\"https:\\\/\\\/wh.de\\\/wp-content\\\/uploads\\\/2020\\\/12\\\/WHDE-logo.png\",\"contentUrl\":\"https:\\\/\\\/wh.de\\\/wp-content\\\/uploads\\\/2020\\\/12\\\/WHDE-logo.png\",\"width\":45,\"height\":45,\"caption\":\"Westhaus Energietechnik GmbH\"},\"image\":{\"@id\":\"https:\\\/\\\/wh.de\\\/#\\\/schema\\\/logo\\\/image\\\/\"}}]}<\/script>\n<!-- \/ Yoast SEO plugin. -->","yoast_head_json":{"title":"Our performance - Westhaus Energietechnik GmbH","description":"Planning and design \u2013 installation, commissioning, maintenance \u2013 worldwide, cost-effective and economical.","robots":{"index":"index","follow":"follow","max-snippet":"max-snippet:-1","max-image-preview":"max-image-preview:large","max-video-preview":"max-video-preview:-1"},"canonical":"https:\/\/wh.de\/en\/our-performance\/","schema":{"@context":"https:\/\/schema.org","@graph":[{"@type":"WebPage","@id":"https:\/\/wh.de\/leistungen\/","url":"https:\/\/wh.de\/leistungen\/","name":"Our performance - Westhaus Energietechnik GmbH","isPartOf":{"@id":"https:\/\/wh.de\/#website"},"primaryImageOfPage":{"@id":"https:\/\/wh.de\/leistungen\/#primaryimage"},"image":{"@id":"https:\/\/wh.de\/leistungen\/#primaryimage"},"thumbnailUrl":"https:\/\/wh.de\/wp-content\/uploads\/2025\/04\/planung-header-1024x594.jpg","datePublished":"2025-04-24T12:56:32+00:00","dateModified":"2025-07-22T12:42:37+00:00","description":"Planning and design \u2013 installation, commissioning, maintenance \u2013 worldwide, cost-effective and economical.","breadcrumb":{"@id":"https:\/\/wh.de\/leistungen\/#breadcrumb"},"inLanguage":"en-GB","potentialAction":[{"@type":"ReadAction","target":["https:\/\/wh.de\/leistungen\/"]}]},{"@type":"ImageObject","inLanguage":"en-GB","@id":"https:\/\/wh.de\/leistungen\/#primaryimage","url":"https:\/\/wh.de\/wp-content\/uploads\/2025\/04\/planung-header-1024x594.jpg","contentUrl":"https:\/\/wh.de\/wp-content\/uploads\/2025\/04\/planung-header-1024x594.jpg"},{"@type":"BreadcrumbList","@id":"https:\/\/wh.de\/leistungen\/#breadcrumb","itemListElement":[{"@type":"ListItem","position":1,"name":"Startseite","item":"https:\/\/wh.de\/"},{"@type":"ListItem","position":2,"name":"Leistungen"}]},{"@type":"WebSite","@id":"https:\/\/wh.de\/#website","url":"https:\/\/wh.de\/","name":"Westhaus Energietechnik GmbH","description":"Power supply and switchgear construction","publisher":{"@id":"https:\/\/wh.de\/#organization"},"potentialAction":[{"@type":"SearchAction","target":{"@type":"EntryPoint","urlTemplate":"https:\/\/wh.de\/?s={search_term_string}"},"query-input":{"@type":"PropertyValueSpecification","valueRequired":true,"valueName":"search_term_string"}}],"inLanguage":"en-GB"},{"@type":"Organization","@id":"https:\/\/wh.de\/#organization","name":"Westhaus Energietechnik GmbH","url":"https:\/\/wh.de\/","logo":{"@type":"ImageObject","inLanguage":"en-GB","@id":"https:\/\/wh.de\/#\/schema\/logo\/image\/","url":"https:\/\/wh.de\/wp-content\/uploads\/2020\/12\/WHDE-logo.png","contentUrl":"https:\/\/wh.de\/wp-content\/uploads\/2020\/12\/WHDE-logo.png","width":45,"height":45,"caption":"Westhaus Energietechnik GmbH"},"image":{"@id":"https:\/\/wh.de\/#\/schema\/logo\/image\/"}}]}},"_links":{"self":[{"href":"https:\/\/wh.de\/en\/wp-json\/wp\/v2\/pages\/1360","targetHints":{"allow":["GET"]}}],"collection":[{"href":"https:\/\/wh.de\/en\/wp-json\/wp\/v2\/pages"}],"about":[{"href":"https:\/\/wh.de\/en\/wp-json\/wp\/v2\/types\/page"}],"author":[{"embeddable":true,"href":"https:\/\/wh.de\/en\/wp-json\/wp\/v2\/users\/1"}],"replies":[{"embeddable":true,"href":"https:\/\/wh.de\/en\/wp-json\/wp\/v2\/comments?post=1360"}],"version-history":[{"count":42,"href":"https:\/\/wh.de\/en\/wp-json\/wp\/v2\/pages\/1360\/revisions"}],"predecessor-version":[{"id":1963,"href":"https:\/\/wh.de\/en\/wp-json\/wp\/v2\/pages\/1360\/revisions\/1963"}],"wp:attachment":[{"href":"https:\/\/wh.de\/en\/wp-json\/wp\/v2\/media?parent=1360"}],"curies":[{"name":"wp","href":"https:\/\/api.w.org\/{rel}","templated":true}]}}