{"id":1416,"date":"2025-04-24T16:08:47","date_gmt":"2025-04-24T14:08:47","guid":{"rendered":"https:\/\/neu.wh.de\/?page_id=1416"},"modified":"2025-07-22T13:51:30","modified_gmt":"2025-07-22T11:51:30","slug":"serviceleistungen","status":"publish","type":"page","link":"https:\/\/wh.de\/en\/serviceleistungen\/","title":{"rendered":"Services"},"content":{"rendered":"<div data-elementor-type=\"wp-page\" data-elementor-id=\"1416\" class=\"elementor elementor-1416\" data-elementor-post-type=\"page\">\n\t\t\t\t<div class=\"elementor-element elementor-element-e14780b e-flex e-con-boxed e-con e-parent\" data-id=\"e14780b\" data-element_type=\"container\" data-e-type=\"container\" data-settings=\"{&quot;_ha_eqh_enable&quot;:false}\">\n\t\t\t\t\t<div class=\"e-con-inner\">\n\t\t\t\t<div class=\"elementor-element elementor-element-1bde21d elementor-widget elementor-widget-spacer\" data-id=\"1bde21d\" data-element_type=\"widget\" data-e-type=\"widget\" data-widget_type=\"spacer.default\">\n\t\t\t\t<div class=\"elementor-widget-container\">\n\t\t\t\t\t\t\t<div class=\"elementor-spacer\">\n\t\t\t<div class=\"elementor-spacer-inner\"><\/div>\n\t\t<\/div>\n\t\t\t\t\t\t<\/div>\n\t\t\t\t<\/div>\n\t\t\t\t\t<\/div>\n\t\t\t\t<\/div>\n\t\t<div class=\"elementor-element elementor-element-7caa84e9 e-flex e-con-boxed e-con e-parent\" data-id=\"7caa84e9\" data-element_type=\"container\" data-e-type=\"container\" data-settings=\"{&quot;_ha_eqh_enable&quot;:false}\">\n\t\t\t\t\t<div class=\"e-con-inner\">\n\t\t\t\t<div class=\"elementor-element elementor-element-24c20447 elementor-widget elementor-widget-heading\" data-id=\"24c20447\" data-element_type=\"widget\" data-e-type=\"widget\" data-widget_type=\"heading.default\">\n\t\t\t\t<div class=\"elementor-widget-container\">\n\t\t\t\t\t<h1 class=\"elementor-heading-title elementor-size-default\">Services of Westhaus Energietechnik GmbH<\/h1>\t\t\t\t<\/div>\n\t\t\t\t<\/div>\n\t\t\t\t\t<\/div>\n\t\t\t\t<\/div>\n\t\t<div class=\"elementor-element elementor-element-aac5f88 e-flex e-con-boxed e-con e-parent\" data-id=\"aac5f88\" data-element_type=\"container\" data-e-type=\"container\" data-settings=\"{&quot;_ha_eqh_enable&quot;:false}\">\n\t\t\t\t\t<div class=\"e-con-inner\">\n\t\t<div class=\"elementor-element elementor-element-a77854f e-con-full e-flex e-con e-child\" data-id=\"a77854f\" data-element_type=\"container\" data-e-type=\"container\" data-settings=\"{&quot;_ha_eqh_enable&quot;:false}\">\n\t\t\t\t<div class=\"elementor-element elementor-element-7c31acd elementor-widget elementor-widget-text-editor\" data-id=\"7c31acd\" data-element_type=\"widget\" data-e-type=\"widget\" data-widget_type=\"text-editor.default\">\n\t\t\t\t<div class=\"elementor-widget-container\">\n\t\t\t\t\t\t\t\t\t<p>Our service includes the complete planning and installation of the finished plant. Active cooperation with the customer ensures that the agreed deadlines are met and that the work is carried out in high quality.<br \/>Commissioning is carried out and documented by our qualified employees. Training for your operating personnel can also be carried out promptly and on site by our employees.<\/p><p>In order to ensure the operational safety of the systems for a long time, we offer you tailor-made solutions for professional maintenance and repair through precise knowledge of the systems.<\/p><p>We understand the systems designed and manufactured by our company according to your needs best! Our support can extend over the entire operating time of your plant. Everything from a single source. Challenge us!<\/p><p><strong>One contact partner \u2013 many services<\/strong><\/p><ul><li>Planning and scheduling of assembly or service work<\/li><li>Site inspection and monitoring<\/li><li>If necessary, provision of a replacement power supply<\/li><li>Quality-compliant workmanship in accordance with standards and regulations<\/li><li>Workmanship with a high level of occupational safety<\/li><li>Handover and documentation of the system according to services rendered<\/li><\/ul>\t\t\t\t\t\t\t\t<\/div>\n\t\t\t\t<\/div>\n\t\t\t\t<\/div>\n\t\t<div class=\"elementor-element elementor-element-bcbde16 e-con-full e-flex e-con e-child\" data-id=\"bcbde16\" data-element_type=\"container\" data-e-type=\"container\" data-settings=\"{&quot;background_background&quot;:&quot;classic&quot;,&quot;_ha_eqh_enable&quot;:false}\">\n\t\t\t\t<div class=\"elementor-element elementor-element-97ec77f elementor-position-top elementor-widget elementor-widget-image-box\" data-id=\"97ec77f\" data-element_type=\"widget\" data-e-type=\"widget\" data-widget_type=\"image-box.default\">\n\t\t\t\t<div class=\"elementor-widget-container\">\n\t\t\t\t\t<div class=\"elementor-image-box-wrapper\"><figure class=\"elementor-image-box-img\"><img loading=\"lazy\" decoding=\"async\" width=\"400\" height=\"600\" src=\"https:\/\/wh.de\/wp-content\/uploads\/2025\/07\/Frank_Rothe.jpg\" class=\"attachment-full size-full wp-image-1682\" alt=\"Frank Rothe\" srcset=\"https:\/\/wh.de\/wp-content\/uploads\/2025\/07\/Frank_Rothe.jpg 400w, https:\/\/wh.de\/wp-content\/uploads\/2025\/07\/Frank_Rothe-200x300.jpg 200w, https:\/\/wh.de\/wp-content\/uploads\/2025\/07\/Frank_Rothe-8x12.jpg 8w\" sizes=\"auto, (max-width: 400px) 100vw, 400px\" \/><\/figure><div class=\"elementor-image-box-content\"><h3 class=\"elementor-image-box-title\">Frank Rothe<\/h3><p class=\"elementor-image-box-description\">Your contact partner for services<\/p><\/div><\/div>\t\t\t\t<\/div>\n\t\t\t\t<\/div>\n\t\t\t\t<div class=\"elementor-element elementor-element-1291623 elementor-icon-list--layout-inline elementor-list-item-link-inline elementor-align-center elementor-mobile-align-center elementor-widget elementor-widget-icon-list\" data-id=\"1291623\" data-element_type=\"widget\" data-e-type=\"widget\" data-widget_type=\"icon-list.default\">\n\t\t\t\t<div class=\"elementor-widget-container\">\n\t\t\t\t\t\t\t<ul class=\"elementor-icon-list-items elementor-inline-items\">\n\t\t\t\t\t\t\t<li class=\"elementor-icon-list-item elementor-inline-item\">\n\t\t\t\t\t\t\t\t\t\t\t<a href=\"tel:+4935120920107\">\n\n\t\t\t\t\t\t\t\t\t\t\t\t<span class=\"elementor-icon-list-icon\">\n\t\t\t\t\t\t\t<svg aria-hidden=\"true\" class=\"e-font-icon-svg e-fas-phone-alt\" viewbox=\"0 0 512 512\" xmlns=\"http:\/\/www.w3.org\/2000\/svg\"><path d=\"M497.39 361.8l-112-48a24 24 0 0 0-28 6.9l-49.6 60.6A370.66 370.66 0 0 1 130.6 204.11l60.6-49.6a23.94 23.94 0 0 0 6.9-28l-48-112A24.16 24.16 0 0 0 122.6.61l-104 24A24 24 0 0 0 0 48c0 256.5 207.9 464 464 464a24 24 0 0 0 23.4-18.6l24-104a24.29 24.29 0 0 0-14.01-27.6z\"><\/path><\/svg>\t\t\t\t\t\t<\/span>\n\t\t\t\t\t\t\t\t\t\t<span class=\"elementor-icon-list-text\">+49 351 20920 107<\/span>\n\t\t\t\t\t\t\t\t\t\t\t<\/a>\n\t\t\t\t\t\t\t\t\t<\/li>\n\t\t\t\t\t\t\t\t<li class=\"elementor-icon-list-item elementor-inline-item\">\n\t\t\t\t\t\t\t\t\t\t\t<a href=\"javascript:secureDecryptAndNavigate('BqcRrRN1kuQ\/mPaHYQJti7V3QCkOkDyiGeosYrcnePqkNBTPZYyyBAp81IcmuWkpEwI9K4P+gjXQgODdCYHl2C3Lz6FsWUKg', '09f3debb340482efa8b8774971847201457951a3043f02f12b73bcf4e3945869')\">\n\n\t\t\t\t\t\t\t\t\t\t\t\t<span class=\"elementor-icon-list-icon\">\n\t\t\t\t\t\t\t<svg aria-hidden=\"true\" class=\"e-font-icon-svg e-fas-at\" viewbox=\"0 0 512 512\" xmlns=\"http:\/\/www.w3.org\/2000\/svg\"><path d=\"M256 8C118.941 8 8 118.919 8 256c0 137.059 110.919 248 248 248 48.154 0 95.342-14.14 135.408-40.223 12.005-7.815 14.625-24.288 5.552-35.372l-10.177-12.433c-7.671-9.371-21.179-11.667-31.373-5.129C325.92 429.757 291.314 440 256 440c-101.458 0-184-82.542-184-184S154.542 72 256 72c100.139 0 184 57.619 184 160 0 38.786-21.093 79.742-58.17 83.693-17.349-.454-16.91-12.857-13.476-30.024l23.433-121.11C394.653 149.75 383.308 136 368.225 136h-44.981a13.518 13.518 0 0 0-13.432 11.993l-.01.092c-14.697-17.901-40.448-21.775-59.971-21.775-74.58 0-137.831 62.234-137.831 151.46 0 65.303 36.785 105.87 96 105.87 26.984 0 57.369-15.637 74.991-38.333 9.522 34.104 40.613 34.103 70.71 34.103C462.609 379.41 504 307.798 504 232 504 95.653 394.023 8 256 8zm-21.68 304.43c-22.249 0-36.07-15.623-36.07-40.771 0-44.993 30.779-72.729 58.63-72.729 22.292 0 35.601 15.241 35.601 40.77 0 45.061-33.875 72.73-58.161 72.73z\"><\/path><\/svg>\t\t\t\t\t\t<\/span>\n\t\t\t\t\t\t\t\t\t\t<span class=\"elementor-icon-list-text\"><a href=\"javascript:secureDecryptAndNavigate('BqcRrRN1kuQ\/mPaHYQJti7V3QCkOkDyiGeosYrcnePqkNBTPZYyyBAp81IcmuWkpEwI9K4P+gjXQgODdCYHl2C3Lz6FsWUKg', '09f3debb340482efa8b8774971847201457951a3043f02f12b73bcf4e3945869')\">frank.rothe@wh.de<\/a><\/span>\n\t\t\t\t\t\t\t\t\t\t\t<\/a>\n\t\t\t\t\t\t\t\t\t<\/li>\n\t\t\t\t\t\t<\/ul>\n\t\t\t\t\t\t<\/div>\n\t\t\t\t<\/div>\n\t\t\t\t<\/div>\n\t\t\t\t\t<\/div>\n\t\t\t\t<\/div>\n\t\t<div class=\"elementor-element elementor-element-fcd8174 e-flex e-con-boxed e-con e-parent\" data-id=\"fcd8174\" data-element_type=\"container\" data-e-type=\"container\" data-settings=\"{&quot;_ha_eqh_enable&quot;:false}\">\n\t\t\t\t\t<div class=\"e-con-inner\">\n\t\t\t\t<div class=\"elementor-element elementor-element-9f498e0 elementor-widget elementor-widget-spacer\" data-id=\"9f498e0\" data-element_type=\"widget\" data-e-type=\"widget\" data-widget_type=\"spacer.default\">\n\t\t\t\t<div class=\"elementor-widget-container\">\n\t\t\t\t\t\t\t<div class=\"elementor-spacer\">\n\t\t\t<div class=\"elementor-spacer-inner\"><\/div>\n\t\t<\/div>\n\t\t\t\t\t\t<\/div>\n\t\t\t\t<\/div>\n\t\t\t\t\t<\/div>\n\t\t\t\t<\/div>\n\t\t\t\t<\/div>","protected":false},"excerpt":{"rendered":"<p>Serviceleistungen der Westhaus Energietechnik GmbH Unser Service umfasst die komplette Planung und die Montage der gefertigten Anlage. Durch aktive Zusammenarbeit mit dem Kunden wird sichergestellt, dass die abgestimmten Termine eingehalten und die Arbeiten in hoher Qualit\u00e4t ausgef\u00fchrt werden.Inbetriebnahmen werden durch unsere qualifizierten Mitarbeiter durchgef\u00fchrt und dokumentiert. Auch Schulungen f\u00fcr Ihr Betriebspersonal k\u00f6nnen durch unsere Mitarbeiter [&hellip;]<\/p>\n","protected":false},"author":1,"featured_media":0,"parent":0,"menu_order":0,"comment_status":"closed","ping_status":"closed","template":"","meta":{"footnotes":""},"class_list":["post-1416","page","type-page","status-publish","hentry"],"yoast_head":"<!-- This site is optimized with the Yoast SEO plugin v27.4 - https:\/\/yoast.com\/product\/yoast-seo-wordpress\/ -->\n<title>Service - Westhaus Energietechnik GmbH<\/title>\n<meta name=\"description\" content=\"Ma\u00dfgeschneiderte Serviceleistungen f\u00fcr professionelle Wartung und Instandsetzung.\" \/>\n<meta name=\"robots\" content=\"index, follow, max-snippet:-1, max-image-preview:large, max-video-preview:-1\" \/>\n<link rel=\"canonical\" href=\"https:\/\/wh.de\/en\/serviceleistungen\/\" \/>\n<script type=\"application\/ld+json\" class=\"yoast-schema-graph\">{\"@context\":\"https:\\\/\\\/schema.org\",\"@graph\":[{\"@type\":\"WebPage\",\"@id\":\"https:\\\/\\\/wh.de\\\/serviceleistungen\\\/\",\"url\":\"https:\\\/\\\/wh.de\\\/serviceleistungen\\\/\",\"name\":\"Service - Westhaus Energietechnik GmbH\",\"isPartOf\":{\"@id\":\"https:\\\/\\\/wh.de\\\/#website\"},\"primaryImageOfPage\":{\"@id\":\"https:\\\/\\\/wh.de\\\/serviceleistungen\\\/#primaryimage\"},\"image\":{\"@id\":\"https:\\\/\\\/wh.de\\\/serviceleistungen\\\/#primaryimage\"},\"thumbnailUrl\":\"https:\\\/\\\/wh.de\\\/wp-content\\\/uploads\\\/2025\\\/07\\\/Frank_Rothe.jpg\",\"datePublished\":\"2025-04-24T14:08:47+00:00\",\"dateModified\":\"2025-07-22T11:51:30+00:00\",\"description\":\"Ma\u00dfgeschneiderte Serviceleistungen f\u00fcr professionelle Wartung und Instandsetzung.\",\"breadcrumb\":{\"@id\":\"https:\\\/\\\/wh.de\\\/serviceleistungen\\\/#breadcrumb\"},\"inLanguage\":\"en-GB\",\"potentialAction\":[{\"@type\":\"ReadAction\",\"target\":[\"https:\\\/\\\/wh.de\\\/serviceleistungen\\\/\"]}]},{\"@type\":\"ImageObject\",\"inLanguage\":\"en-GB\",\"@id\":\"https:\\\/\\\/wh.de\\\/serviceleistungen\\\/#primaryimage\",\"url\":\"https:\\\/\\\/wh.de\\\/wp-content\\\/uploads\\\/2025\\\/07\\\/Frank_Rothe.jpg\",\"contentUrl\":\"https:\\\/\\\/wh.de\\\/wp-content\\\/uploads\\\/2025\\\/07\\\/Frank_Rothe.jpg\"},{\"@type\":\"BreadcrumbList\",\"@id\":\"https:\\\/\\\/wh.de\\\/serviceleistungen\\\/#breadcrumb\",\"itemListElement\":[{\"@type\":\"ListItem\",\"position\":1,\"name\":\"Startseite\",\"item\":\"https:\\\/\\\/wh.de\\\/\"},{\"@type\":\"ListItem\",\"position\":2,\"name\":\"Service\"}]},{\"@type\":\"WebSite\",\"@id\":\"https:\\\/\\\/wh.de\\\/#website\",\"url\":\"https:\\\/\\\/wh.de\\\/\",\"name\":\"Westhaus Energietechnik GmbH\",\"description\":\"Stromversorgungs- und Schaltanlagenbau\",\"publisher\":{\"@id\":\"https:\\\/\\\/wh.de\\\/#organization\"},\"potentialAction\":[{\"@type\":\"SearchAction\",\"target\":{\"@type\":\"EntryPoint\",\"urlTemplate\":\"https:\\\/\\\/wh.de\\\/?s={search_term_string}\"},\"query-input\":{\"@type\":\"PropertyValueSpecification\",\"valueRequired\":true,\"valueName\":\"search_term_string\"}}],\"inLanguage\":\"en-GB\"},{\"@type\":\"Organization\",\"@id\":\"https:\\\/\\\/wh.de\\\/#organization\",\"name\":\"Westhaus Energietechnik GmbH\",\"url\":\"https:\\\/\\\/wh.de\\\/\",\"logo\":{\"@type\":\"ImageObject\",\"inLanguage\":\"en-GB\",\"@id\":\"https:\\\/\\\/wh.de\\\/#\\\/schema\\\/logo\\\/image\\\/\",\"url\":\"https:\\\/\\\/wh.de\\\/wp-content\\\/uploads\\\/2020\\\/12\\\/WHDE-logo.png\",\"contentUrl\":\"https:\\\/\\\/wh.de\\\/wp-content\\\/uploads\\\/2020\\\/12\\\/WHDE-logo.png\",\"width\":45,\"height\":45,\"caption\":\"Westhaus Energietechnik GmbH\"},\"image\":{\"@id\":\"https:\\\/\\\/wh.de\\\/#\\\/schema\\\/logo\\\/image\\\/\"}}]}<\/script>\n<!-- \/ Yoast SEO plugin. -->","yoast_head_json":{"title":"Services - Westhaus Energietechnik GmbH","description":"Customised services for professional maintenance and repair.","robots":{"index":"index","follow":"follow","max-snippet":"max-snippet:-1","max-image-preview":"max-image-preview:large","max-video-preview":"max-video-preview:-1"},"canonical":"https:\/\/wh.de\/en\/serviceleistungen\/","schema":{"@context":"https:\/\/schema.org","@graph":[{"@type":"WebPage","@id":"https:\/\/wh.de\/serviceleistungen\/","url":"https:\/\/wh.de\/serviceleistungen\/","name":"Services - Westhaus Energietechnik GmbH","isPartOf":{"@id":"https:\/\/wh.de\/#website"},"primaryImageOfPage":{"@id":"https:\/\/wh.de\/serviceleistungen\/#primaryimage"},"image":{"@id":"https:\/\/wh.de\/serviceleistungen\/#primaryimage"},"thumbnailUrl":"https:\/\/wh.de\/wp-content\/uploads\/2025\/07\/Frank_Rothe.jpg","datePublished":"2025-04-24T14:08:47+00:00","dateModified":"2025-07-22T11:51:30+00:00","description":"Customised services for professional maintenance and repair.","breadcrumb":{"@id":"https:\/\/wh.de\/serviceleistungen\/#breadcrumb"},"inLanguage":"en-GB","potentialAction":[{"@type":"ReadAction","target":["https:\/\/wh.de\/serviceleistungen\/"]}]},{"@type":"ImageObject","inLanguage":"en-GB","@id":"https:\/\/wh.de\/serviceleistungen\/#primaryimage","url":"https:\/\/wh.de\/wp-content\/uploads\/2025\/07\/Frank_Rothe.jpg","contentUrl":"https:\/\/wh.de\/wp-content\/uploads\/2025\/07\/Frank_Rothe.jpg"},{"@type":"BreadcrumbList","@id":"https:\/\/wh.de\/serviceleistungen\/#breadcrumb","itemListElement":[{"@type":"ListItem","position":1,"name":"Startseite","item":"https:\/\/wh.de\/"},{"@type":"ListItem","position":2,"name":"Service"}]},{"@type":"WebSite","@id":"https:\/\/wh.de\/#website","url":"https:\/\/wh.de\/","name":"Westhaus Energietechnik GmbH","description":"Power supply and switchgear construction","publisher":{"@id":"https:\/\/wh.de\/#organization"},"potentialAction":[{"@type":"SearchAction","target":{"@type":"EntryPoint","urlTemplate":"https:\/\/wh.de\/?s={search_term_string}"},"query-input":{"@type":"PropertyValueSpecification","valueRequired":true,"valueName":"search_term_string"}}],"inLanguage":"en-GB"},{"@type":"Organization","@id":"https:\/\/wh.de\/#organization","name":"Westhaus Energietechnik GmbH","url":"https:\/\/wh.de\/","logo":{"@type":"ImageObject","inLanguage":"en-GB","@id":"https:\/\/wh.de\/#\/schema\/logo\/image\/","url":"https:\/\/wh.de\/wp-content\/uploads\/2020\/12\/WHDE-logo.png","contentUrl":"https:\/\/wh.de\/wp-content\/uploads\/2020\/12\/WHDE-logo.png","width":45,"height":45,"caption":"Westhaus Energietechnik GmbH"},"image":{"@id":"https:\/\/wh.de\/#\/schema\/logo\/image\/"}}]}},"_links":{"self":[{"href":"https:\/\/wh.de\/en\/wp-json\/wp\/v2\/pages\/1416","targetHints":{"allow":["GET"]}}],"collection":[{"href":"https:\/\/wh.de\/en\/wp-json\/wp\/v2\/pages"}],"about":[{"href":"https:\/\/wh.de\/en\/wp-json\/wp\/v2\/types\/page"}],"author":[{"embeddable":true,"href":"https:\/\/wh.de\/en\/wp-json\/wp\/v2\/users\/1"}],"replies":[{"embeddable":true,"href":"https:\/\/wh.de\/en\/wp-json\/wp\/v2\/comments?post=1416"}],"version-history":[{"count":48,"href":"https:\/\/wh.de\/en\/wp-json\/wp\/v2\/pages\/1416\/revisions"}],"predecessor-version":[{"id":1956,"href":"https:\/\/wh.de\/en\/wp-json\/wp\/v2\/pages\/1416\/revisions\/1956"}],"wp:attachment":[{"href":"https:\/\/wh.de\/en\/wp-json\/wp\/v2\/media?parent=1416"}],"curies":[{"name":"wp","href":"https:\/\/api.w.org\/{rel}","templated":true}]}}