{"id":801,"date":"2024-04-25T16:13:27","date_gmt":"2024-04-25T14:13:27","guid":{"rendered":"http:\/\/wh.de.www302.your-server.de\/?page_id=801"},"modified":"2025-07-21T15:50:46","modified_gmt":"2025-07-21T13:50:46","slug":"location","status":"publish","type":"page","link":"https:\/\/wh.de\/en\/standort\/","title":{"rendered":"Location"},"content":{"rendered":"<div data-elementor-type=\"wp-page\" data-elementor-id=\"801\" class=\"elementor elementor-801\" data-elementor-post-type=\"page\">\n\t\t\t\t<div class=\"elementor-element elementor-element-779b81a e-flex e-con-boxed e-con e-parent\" data-id=\"779b81a\" data-element_type=\"container\" data-e-type=\"container\" data-settings=\"{&quot;_ha_eqh_enable&quot;:false}\">\n\t\t\t\t\t<div class=\"e-con-inner\">\n\t\t\t\t<div class=\"elementor-element elementor-element-38f7320 elementor-widget elementor-widget-spacer\" data-id=\"38f7320\" data-element_type=\"widget\" data-e-type=\"widget\" data-widget_type=\"spacer.default\">\n\t\t\t\t<div class=\"elementor-widget-container\">\n\t\t\t\t\t\t\t<div class=\"elementor-spacer\">\n\t\t\t<div class=\"elementor-spacer-inner\"><\/div>\n\t\t<\/div>\n\t\t\t\t\t\t<\/div>\n\t\t\t\t<\/div>\n\t\t\t\t\t<\/div>\n\t\t\t\t<\/div>\n\t\t<div class=\"elementor-element elementor-element-a94a775 e-flex e-con-boxed e-con e-parent\" data-id=\"a94a775\" data-element_type=\"container\" data-e-type=\"container\" data-settings=\"{&quot;_ha_eqh_enable&quot;:false}\">\n\t\t\t\t\t<div class=\"e-con-inner\">\n\t\t\t\t<div class=\"elementor-element elementor-element-6fc548b elementor-widget elementor-widget-heading\" data-id=\"6fc548b\" data-element_type=\"widget\" data-e-type=\"widget\" data-widget_type=\"heading.default\">\n\t\t\t\t<div class=\"elementor-widget-container\">\n\t\t\t\t\t<h1 class=\"elementor-heading-title elementor-size-default\">Location<\/h1>\t\t\t\t<\/div>\n\t\t\t\t<\/div>\n\t\t\t\t\t<\/div>\n\t\t\t\t<\/div>\n\t\t<div class=\"elementor-element elementor-element-594120e e-flex e-con-boxed e-con e-parent\" data-id=\"594120e\" data-element_type=\"container\" data-e-type=\"container\" data-settings=\"{&quot;_ha_eqh_enable&quot;:false}\">\n\t\t\t\t\t<div class=\"e-con-inner\">\n\t\t\t\t<div class=\"elementor-element elementor-element-9decc16 elementor-widget elementor-widget-text-editor\" data-id=\"9decc16\" data-element_type=\"widget\" data-e-type=\"widget\" data-widget_type=\"text-editor.default\">\n\t\t\t\t<div class=\"elementor-widget-container\">\n\t\t\t\t\t\t\t\t\t<p>At the location Dresden you will find Administration and Production of Westhaus Energietechnik GmbH. Our address is Hermann-Mende-Stra\u00dfe 5-7, in 01099 Dresden. You can also reach us by public transport. The S-Railway station Dresden Industriegel\u00e4nde is only a few minutes away from our premises. <strong>Dresden Industriegel\u00e4nde<\/strong> is only a few minutes away from our premises.<\/p>\t\t\t\t\t\t\t\t<\/div>\n\t\t\t\t<\/div>\n\t\t\t\t\t<\/div>\n\t\t\t\t<\/div>\n\t\t<div class=\"elementor-element elementor-element-fb99f1c e-flex e-con-boxed e-con e-parent\" data-id=\"fb99f1c\" data-element_type=\"container\" data-e-type=\"container\" data-settings=\"{&quot;_ha_eqh_enable&quot;:false}\">\n\t\t\t\t\t<div class=\"e-con-inner\">\n\t\t\t\t<div class=\"elementor-element elementor-element-785c0d5 elementor-widget elementor-widget-html\" data-id=\"785c0d5\" data-element_type=\"widget\" data-e-type=\"widget\" data-widget_type=\"html.default\">\n\t\t\t\t<div class=\"elementor-widget-container\">\n\t\t\t\t\t<iframe src=\"https:\/\/www.google.com\/maps\/embed?pb=!1m14!1m8!1m3!1d743.2045021528253!2d13.765848!3d51.086802!3m2!1i1024!2i768!4f13.1!3m3!1m2!1s0x4709cedbde3ebb8d%3A0x39e488123c6485fc!2sWesthaus%20Energietechnik%20GmbH!5e1!3m2!1sde!2sus!4v1714054929650!5m2!1sde!2sus\" width=\"600\" height=\"450\" style=\"border:0;\" allowfullscreen=\"\" loading=\"lazy\" referrerpolicy=\"no-referrer-when-downgrade\"><\/iframe>\t\t\t\t<\/div>\n\t\t\t\t<\/div>\n\t\t\t\t\t<\/div>\n\t\t\t\t<\/div>\n\t\t<div class=\"elementor-element elementor-element-77708c4 e-flex e-con-boxed e-con e-parent\" data-id=\"77708c4\" data-element_type=\"container\" data-e-type=\"container\" data-settings=\"{&quot;_ha_eqh_enable&quot;:false}\">\n\t\t\t\t\t<div class=\"e-con-inner\">\n\t\t\t\t<div class=\"elementor-element elementor-element-a8bad65 elementor-widget elementor-widget-spacer\" data-id=\"a8bad65\" data-element_type=\"widget\" data-e-type=\"widget\" data-widget_type=\"spacer.default\">\n\t\t\t\t<div class=\"elementor-widget-container\">\n\t\t\t\t\t\t\t<div class=\"elementor-spacer\">\n\t\t\t<div class=\"elementor-spacer-inner\"><\/div>\n\t\t<\/div>\n\t\t\t\t\t\t<\/div>\n\t\t\t\t<\/div>\n\t\t\t\t\t<\/div>\n\t\t\t\t<\/div>\n\t\t\t\t<\/div>","protected":false},"excerpt":{"rendered":"<p>Location You will find the administration and production of Westhaus Energietechnik GmbH in Dresden. Our address is Hermann-Mende-Stra\u00dfe 5-7, in 01099 Dresden. You can also reach us by public transport. The Dresden Industriegel\u00e4nde S-Bahn stop is only a few minutes away from our premises.<\/p>","protected":false},"author":1,"featured_media":0,"parent":0,"menu_order":0,"comment_status":"closed","ping_status":"closed","template":"","meta":{"footnotes":""},"class_list":["post-801","page","type-page","status-publish","hentry"],"yoast_head":"<!-- This site is optimized with the Yoast SEO plugin v27.4 - https:\/\/yoast.com\/product\/yoast-seo-wordpress\/ -->\n<title>Standort - Westhaus Energietechnik GmbH<\/title>\n<meta name=\"description\" content=\"Am Standort Dresden finden Sie Verwaltung und Produktion der Westhaus Energietechnik GmbH. Sie finden uns an der Hermann-Mende-Stra\u00dfe 5-7 in Dresden.\" \/>\n<meta name=\"robots\" content=\"index, follow, max-snippet:-1, max-image-preview:large, max-video-preview:-1\" \/>\n<link rel=\"canonical\" href=\"https:\/\/wh.de\/en\/location\/\" \/>\n<script type=\"application\/ld+json\" class=\"yoast-schema-graph\">{\"@context\":\"https:\\\/\\\/schema.org\",\"@graph\":[{\"@type\":\"WebPage\",\"@id\":\"https:\\\/\\\/wh.de\\\/standort\\\/\",\"url\":\"https:\\\/\\\/wh.de\\\/standort\\\/\",\"name\":\"Standort - Westhaus Energietechnik GmbH\",\"isPartOf\":{\"@id\":\"https:\\\/\\\/wh.de\\\/#website\"},\"datePublished\":\"2024-04-25T14:13:27+00:00\",\"dateModified\":\"2025-07-21T13:50:46+00:00\",\"description\":\"Am Standort Dresden finden Sie Verwaltung und Produktion der Westhaus Energietechnik GmbH. Sie finden uns an der Hermann-Mende-Stra\u00dfe 5-7 in Dresden.\",\"breadcrumb\":{\"@id\":\"https:\\\/\\\/wh.de\\\/standort\\\/#breadcrumb\"},\"inLanguage\":\"en-GB\",\"potentialAction\":[{\"@type\":\"ReadAction\",\"target\":[\"https:\\\/\\\/wh.de\\\/standort\\\/\"]}]},{\"@type\":\"BreadcrumbList\",\"@id\":\"https:\\\/\\\/wh.de\\\/standort\\\/#breadcrumb\",\"itemListElement\":[{\"@type\":\"ListItem\",\"position\":1,\"name\":\"Startseite\",\"item\":\"https:\\\/\\\/wh.de\\\/\"},{\"@type\":\"ListItem\",\"position\":2,\"name\":\"Standort\"}]},{\"@type\":\"WebSite\",\"@id\":\"https:\\\/\\\/wh.de\\\/#website\",\"url\":\"https:\\\/\\\/wh.de\\\/\",\"name\":\"Westhaus Energietechnik GmbH\",\"description\":\"Stromversorgungs- und Schaltanlagenbau\",\"publisher\":{\"@id\":\"https:\\\/\\\/wh.de\\\/#organization\"},\"potentialAction\":[{\"@type\":\"SearchAction\",\"target\":{\"@type\":\"EntryPoint\",\"urlTemplate\":\"https:\\\/\\\/wh.de\\\/?s={search_term_string}\"},\"query-input\":{\"@type\":\"PropertyValueSpecification\",\"valueRequired\":true,\"valueName\":\"search_term_string\"}}],\"inLanguage\":\"en-GB\"},{\"@type\":\"Organization\",\"@id\":\"https:\\\/\\\/wh.de\\\/#organization\",\"name\":\"Westhaus Energietechnik GmbH\",\"url\":\"https:\\\/\\\/wh.de\\\/\",\"logo\":{\"@type\":\"ImageObject\",\"inLanguage\":\"en-GB\",\"@id\":\"https:\\\/\\\/wh.de\\\/#\\\/schema\\\/logo\\\/image\\\/\",\"url\":\"https:\\\/\\\/wh.de\\\/wp-content\\\/uploads\\\/2020\\\/12\\\/WHDE-logo.png\",\"contentUrl\":\"https:\\\/\\\/wh.de\\\/wp-content\\\/uploads\\\/2020\\\/12\\\/WHDE-logo.png\",\"width\":45,\"height\":45,\"caption\":\"Westhaus Energietechnik GmbH\"},\"image\":{\"@id\":\"https:\\\/\\\/wh.de\\\/#\\\/schema\\\/logo\\\/image\\\/\"}}]}<\/script>\n<!-- \/ Yoast SEO plugin. -->","yoast_head_json":{"title":"Location - Westhaus Energietechnik GmbH","description":"The administration and production of Westhaus Energietechnik GmbH are located in Dresden. You will find us at Hermann-Mende-Stra\u00dfe 5-7 in Dresden.","robots":{"index":"index","follow":"follow","max-snippet":"max-snippet:-1","max-image-preview":"max-image-preview:large","max-video-preview":"max-video-preview:-1"},"canonical":"https:\/\/wh.de\/en\/location\/","schema":{"@context":"https:\/\/schema.org","@graph":[{"@type":"WebPage","@id":"https:\/\/wh.de\/standort\/","url":"https:\/\/wh.de\/standort\/","name":"Location - Westhaus Energietechnik GmbH","isPartOf":{"@id":"https:\/\/wh.de\/#website"},"datePublished":"2024-04-25T14:13:27+00:00","dateModified":"2025-07-21T13:50:46+00:00","description":"The administration and production of Westhaus Energietechnik GmbH are located in Dresden. You will find us at Hermann-Mende-Stra\u00dfe 5-7 in Dresden.","breadcrumb":{"@id":"https:\/\/wh.de\/standort\/#breadcrumb"},"inLanguage":"en-GB","potentialAction":[{"@type":"ReadAction","target":["https:\/\/wh.de\/standort\/"]}]},{"@type":"BreadcrumbList","@id":"https:\/\/wh.de\/standort\/#breadcrumb","itemListElement":[{"@type":"ListItem","position":1,"name":"Startseite","item":"https:\/\/wh.de\/"},{"@type":"ListItem","position":2,"name":"Standort"}]},{"@type":"WebSite","@id":"https:\/\/wh.de\/#website","url":"https:\/\/wh.de\/","name":"Westhaus Energietechnik GmbH","description":"Power supply and switchgear construction","publisher":{"@id":"https:\/\/wh.de\/#organization"},"potentialAction":[{"@type":"SearchAction","target":{"@type":"EntryPoint","urlTemplate":"https:\/\/wh.de\/?s={search_term_string}"},"query-input":{"@type":"PropertyValueSpecification","valueRequired":true,"valueName":"search_term_string"}}],"inLanguage":"en-GB"},{"@type":"Organization","@id":"https:\/\/wh.de\/#organization","name":"Westhaus Energietechnik GmbH","url":"https:\/\/wh.de\/","logo":{"@type":"ImageObject","inLanguage":"en-GB","@id":"https:\/\/wh.de\/#\/schema\/logo\/image\/","url":"https:\/\/wh.de\/wp-content\/uploads\/2020\/12\/WHDE-logo.png","contentUrl":"https:\/\/wh.de\/wp-content\/uploads\/2020\/12\/WHDE-logo.png","width":45,"height":45,"caption":"Westhaus Energietechnik GmbH"},"image":{"@id":"https:\/\/wh.de\/#\/schema\/logo\/image\/"}}]}},"_links":{"self":[{"href":"https:\/\/wh.de\/en\/wp-json\/wp\/v2\/pages\/801","targetHints":{"allow":["GET"]}}],"collection":[{"href":"https:\/\/wh.de\/en\/wp-json\/wp\/v2\/pages"}],"about":[{"href":"https:\/\/wh.de\/en\/wp-json\/wp\/v2\/types\/page"}],"author":[{"embeddable":true,"href":"https:\/\/wh.de\/en\/wp-json\/wp\/v2\/users\/1"}],"replies":[{"embeddable":true,"href":"https:\/\/wh.de\/en\/wp-json\/wp\/v2\/comments?post=801"}],"version-history":[{"count":4,"href":"https:\/\/wh.de\/en\/wp-json\/wp\/v2\/pages\/801\/revisions"}],"predecessor-version":[{"id":1904,"href":"https:\/\/wh.de\/en\/wp-json\/wp\/v2\/pages\/801\/revisions\/1904"}],"wp:attachment":[{"href":"https:\/\/wh.de\/en\/wp-json\/wp\/v2\/media?parent=801"}],"curies":[{"name":"wp","href":"https:\/\/api.w.org\/{rel}","templated":true}]}}